














{"id":5676,"date":"2023-10-27T12:10:39","date_gmt":"2023-10-27T10:10:39","guid":{"rendered":"https:\/\/visitpedraforca.6tems.es\/information\/comment-arriver\/"},"modified":"2023-11-29T14:48:59","modified_gmt":"2023-11-29T12:48:59","slug":"comment-arriver","status":"publish","type":"page","link":"https:\/\/visitpedraforca.6tems.es\/fr\/information\/comment-arriver\/","title":{"rendered":"Comment arriver"},"content":{"rendered":"\n\n\n\n<!-- block: visor-principal -->\n\n            \r\n\r\n<!-- inner banner starts -->\r\n<section class=\"inner-banner\">\r\n            <img decoding=\"async\" src=\"https:\/\/visitpedraforca.6tems.es\/wp-content\/uploads\/2023\/11\/Com-arribar-scaled.jpg\" alt=\"\">\r\n        <div class=\"row\">\r\n        <div class=\"inr-ban-cnt\">\r\n                            <h1>Comment arriver<\/h1>\r\n                    <\/div>\r\n    <\/div>\r\n<\/section>\r\n<!-- inner banner ends -->\r\n\r\n<!-- breadcrum starts -->\r\n        <section class=\"breadcrum bg-pale\">\r\n        <div class=\"row\">\r\n            <ul>\r\n                                    <li><a href=\"https:\/\/visitpedraforca.6tems.es\/fr\/\">Maison<\/a><\/li>\r\n                                    <li><a href=\"https:\/\/visitpedraforca.6tems.es\/fr\/information\/\">information<\/a><\/li>\r\n                                    <li><a href=\"https:\/\/visitpedraforca.6tems.es\/fr\/information\/comment-arriver\/\">Comment arriver<\/a><\/li>\r\n                            <\/ul>\r\n        <\/div>\r\n    <\/section>\r\n<!-- breadcrum ends -->\r\n\r\n\r\n\r\n<!-- description starts -->\r\n    <section class=\"alot fullwidth\">\r\n        <div class=\"row\">\r\n            <div class=\"alot-pad\">\r\n                                                    <div class=\"alot-rgt\">\r\n                        <p>Pour vous rendre aux Valls del Pedraforca depuis Barcelone, G\u00e9rone ou d&#8217;autres points \u00e0 proximit\u00e9, vous pouvez utiliser une <strong>combinaison de transports publics et de v\u00e9hicules priv\u00e9s<\/strong> . Une fois sur place, pour vous d\u00e9placer dans les diff\u00e9rentes communes qui composent les vall\u00e9es, vous avez la possibilit\u00e9 de faire de <strong>la randonn\u00e9e<\/strong> ou d&#8217;utiliser le <strong>service de bus<\/strong> .<\/p>\n                    <\/div>\r\n                            <\/div>\r\n        <\/div>\r\n    <\/section>\r\n<!-- description ends -->        \n<!-- end block: visor-principal -->\n\n\n\n\r\n\r\n\r\n\r\n\r\n\r\n<!-- fixta allotjament starts --> \r\n    <section class=\"exper-sec block_a7b9f0ffedaed9c6be7a025fb6ce1790 post_typeempresa-de-transport\" data-id=\"block_a7b9f0ffedaed9c6be7a025fb6ce1790\">         \r\n        <div class=\"row\">\r\n            <div class=\"filter-title\">\r\n                                                            <h2>Empreses de transport<\/h2>\r\n                                                                <\/div>\r\n        <\/div>\r\n\r\n              \r\n        <div class=\"row\">\r\n            <div class=\"exp-grid\">\r\n                <!-- <div class=\"row\"> -->\r\n                <div class=\"exp-grid-list active\">\r\n                    <div class=\"exp-list\">\r\n                        <ul class=\"\"><\/ul>\r\n                    <\/div>\r\n                    <div class=\"list-loader\">\r\n                        <span class=\"loader\"><\/span>\r\n                    <\/div>\r\n                    <div class=\"pagination p1 view-more\">\r\n                        <ul>\r\n                            <li data-page=\"prev\"><a href=\"javascript:void(0);\"><img decoding=\"async\" src=\"https:\/\/visitpedraforca.6tems.es\/wp-content\/themes\/visitpedraforca\/resources\/v2\/images\/arrow-left.svg\" alt=\"\"><\/a><\/li>\r\n                                                            <li data-page=\"1\"><a class=\"is-active\" href=\"javascript:void(0);\">1<\/a><\/li>\r\n                                                        <li data-page=\"next\"><a href=\"javascript:void(0);\"><img decoding=\"async\" src=\"https:\/\/visitpedraforca.6tems.es\/wp-content\/themes\/visitpedraforca\/resources\/v2\/images\/arrow-right.svg\" alt=\"\"><\/a><\/li>\r\n                        <\/ul>\r\n                        <p>\r\n                            <span class=\"start-item\"><\/span> &#8211; <span class=\"end-item\"><\/span> de <span class=\"total-items\"><\/span> \r\n                                                            Empreses de transport                                                    <\/p>\r\n                    <\/div>\r\n                <\/div>\r\n                <!-- <\/div> -->\r\n\r\n                <div class=\"venure-mapa\">\r\n                    <div class=\"map-inner\">\r\n                        \r\n\r\n\r\n\r\n\r\n\r\n<div class=\"acf-map\" style=\"height: 802px; position: relative; overflow: hidden;\">\r\n    <\/div>                    <\/div>\r\n                <\/div>\r\n            <\/div>\r\n        <\/div>\r\n    <\/section>\r\n<!-- fixta allotjament ends -->\r\n                      \n\n<h2 class=\"wp-block-heading\">voiture  <\/h2>\n\n<p>Depuis Barcelone, prendre l&#8217;autoroute C-16 en direction du nord en direction de Puigcerd\u00e0. Suivez les indications pour Berga et continuez jusqu&#8217;\u00e0 G\u00f3sol. C&#8217;est un bon point de d\u00e9part pour partir en randonn\u00e9e dans les Valls del Pedraforca.<\/p>\n\n<h2 class=\"wp-block-heading\">Transport public<\/h2>\n\n<p>Vous pouvez prendre un train de Barcelone \u00e0 Berga. De Berga, vous devrez prendre un <a href=\"https:\/\/www.busbud.com\/es\/autobus-berga-gosol\/r\/sp3rd0-sp90mc\">bus<\/a> pour G\u00f3sol. Une fois \u00e0 G\u00f3sol, vous pouvez commencer la promenade ou prendre une autre <a href=\"https:\/\/www.visitpedraforca.com\/es\/transport-public-a-la-demanda\/\">ligne de bus<\/a> qui vous am\u00e8nera aux Valls del Pedraforca.<\/p>\n\n<h2 class=\"wp-block-heading\">Bus direct<\/h2>\n\n<p>Certaines compagnies de bus proposent des services directs depuis Barcelone ou d\u2019autres villes vers G\u00f3sol.<\/p>\n\n<h2 class=\"wp-block-heading\"><\/h2>\n","protected":false},"excerpt":{"rendered":"<p>voiture Depuis Barcelone, prendre l&#8217;autoroute C-16 en direction du nord en direction de Puigcerd\u00e0. Suivez les indications pour Berga et continuez jusqu&#8217;\u00e0 G\u00f3sol. C&#8217;est un bon point de d\u00e9part pour partir en randonn\u00e9e dans les Valls del Pedraforca. Transport public Vous pouvez prendre un train de Barcelone \u00e0 Berga. De Berga, vous devrez prendre un [&hellip;]<\/p>\n","protected":false},"author":1,"featured_media":4717,"parent":5617,"menu_order":0,"comment_status":"closed","ping_status":"closed","template":"","meta":{"footnotes":""},"class_list":["post-5676","page","type-page","status-publish","has-post-thumbnail","hentry"],"acf":[],"yoast_head":"<!-- This site is optimized with the Yoast SEO plugin v21.6 - https:\/\/yoast.com\/wordpress\/plugins\/seo\/ -->\n<title>Comment arriver - Visit Pedraforca<\/title>\n<meta name=\"robots\" content=\"noindex, follow, max-snippet:-1, max-image-preview:large, max-video-preview:-1\" \/>\n<meta property=\"og:locale\" content=\"fr_FR\" \/>\n<meta property=\"og:type\" content=\"article\" \/>\n<meta property=\"og:title\" content=\"Comment arriver - Visit Pedraforca\" \/>\n<meta property=\"og:description\" content=\"voiture Depuis Barcelone, prendre l&#8217;autoroute C-16 en direction du nord en direction de Puigcerd\u00e0. Suivez les indications pour Berga et continuez jusqu&#8217;\u00e0 G\u00f3sol. C&#8217;est un bon point de d\u00e9part pour partir en randonn\u00e9e dans les Valls del Pedraforca. Transport public Vous pouvez prendre un train de Barcelone \u00e0 Berga. De Berga, vous devrez prendre un [&hellip;]\" \/>\n<meta property=\"og:url\" content=\"https:\/\/visitpedraforca.6tems.es\/fr\/information\/comment-arriver\/\" \/>\n<meta property=\"og:site_name\" content=\"Visit Pedraforca\" \/>\n<meta property=\"article:modified_time\" content=\"2023-11-29T12:48:59+00:00\" \/>\n<meta property=\"og:image\" content=\"https:\/\/visitpedraforca.6tems.es\/wp-content\/uploads\/2023\/11\/Com-arribar-scaled.jpg\" \/>\n\t<meta property=\"og:image:width\" content=\"2560\" \/>\n\t<meta property=\"og:image:height\" content=\"1709\" \/>\n\t<meta property=\"og:image:type\" content=\"image\/jpeg\" \/>\n<meta name=\"twitter:card\" content=\"summary_large_image\" \/>\n<meta name=\"twitter:label1\" content=\"Dur\u00e9e de lecture estim\u00e9e\" \/>\n\t<meta name=\"twitter:data1\" content=\"1 minute\" \/>\n<script type=\"application\/ld+json\" class=\"yoast-schema-graph\">{\"@context\":\"https:\/\/schema.org\",\"@graph\":[{\"@type\":\"WebPage\",\"@id\":\"https:\/\/visitpedraforca.6tems.es\/fr\/information\/comment-arriver\/\",\"url\":\"https:\/\/visitpedraforca.6tems.es\/fr\/information\/comment-arriver\/\",\"name\":\"Comment arriver - Visit Pedraforca\",\"isPartOf\":{\"@id\":\"https:\/\/visitpedraforca.6tems.es\/#website\"},\"datePublished\":\"2023-10-27T10:10:39+00:00\",\"dateModified\":\"2023-11-29T12:48:59+00:00\",\"breadcrumb\":{\"@id\":\"https:\/\/visitpedraforca.6tems.es\/fr\/information\/comment-arriver\/#breadcrumb\"},\"inLanguage\":\"fr-FR\",\"potentialAction\":[{\"@type\":\"ReadAction\",\"target\":[\"https:\/\/visitpedraforca.6tems.es\/fr\/information\/comment-arriver\/\"]}]},{\"@type\":\"BreadcrumbList\",\"@id\":\"https:\/\/visitpedraforca.6tems.es\/fr\/information\/comment-arriver\/#breadcrumb\",\"itemListElement\":[{\"@type\":\"ListItem\",\"position\":1,\"name\":\"Inici\",\"item\":\"https:\/\/visitpedraforca.6tems.es\/fr\/\"},{\"@type\":\"ListItem\",\"position\":2,\"name\":\"information\",\"item\":\"https:\/\/visitpedraforca.6tems.es\/fr\/information\/\"},{\"@type\":\"ListItem\",\"position\":3,\"name\":\"Comment arriver\"}]},{\"@type\":\"WebSite\",\"@id\":\"https:\/\/visitpedraforca.6tems.es\/#website\",\"url\":\"https:\/\/visitpedraforca.6tems.es\/\",\"name\":\"Visit Pedraforca\",\"description\":\"\",\"potentialAction\":[{\"@type\":\"SearchAction\",\"target\":{\"@type\":\"EntryPoint\",\"urlTemplate\":\"https:\/\/visitpedraforca.6tems.es\/?s={search_term_string}\"},\"query-input\":\"required name=search_term_string\"}],\"inLanguage\":\"fr-FR\"}]}<\/script>\n<!-- \/ Yoast SEO plugin. -->","yoast_head_json":{"title":"Comment arriver - Visit Pedraforca","robots":{"index":"noindex","follow":"follow","max-snippet":"max-snippet:-1","max-image-preview":"max-image-preview:large","max-video-preview":"max-video-preview:-1"},"og_locale":"fr_FR","og_type":"article","og_title":"Comment arriver - Visit Pedraforca","og_description":"voiture Depuis Barcelone, prendre l&#8217;autoroute C-16 en direction du nord en direction de Puigcerd\u00e0. Suivez les indications pour Berga et continuez jusqu&#8217;\u00e0 G\u00f3sol. C&#8217;est un bon point de d\u00e9part pour partir en randonn\u00e9e dans les Valls del Pedraforca. Transport public Vous pouvez prendre un train de Barcelone \u00e0 Berga. De Berga, vous devrez prendre un [&hellip;]","og_url":"https:\/\/visitpedraforca.6tems.es\/fr\/information\/comment-arriver\/","og_site_name":"Visit Pedraforca","article_modified_time":"2023-11-29T12:48:59+00:00","og_image":[{"width":2560,"height":1709,"url":"https:\/\/visitpedraforca.6tems.es\/wp-content\/uploads\/2023\/11\/Com-arribar-scaled.jpg","type":"image\/jpeg"}],"twitter_card":"summary_large_image","twitter_misc":{"Dur\u00e9e de lecture estim\u00e9e":"1 minute"},"schema":{"@context":"https:\/\/schema.org","@graph":[{"@type":"WebPage","@id":"https:\/\/visitpedraforca.6tems.es\/fr\/information\/comment-arriver\/","url":"https:\/\/visitpedraforca.6tems.es\/fr\/information\/comment-arriver\/","name":"Comment arriver - Visit Pedraforca","isPartOf":{"@id":"https:\/\/visitpedraforca.6tems.es\/#website"},"datePublished":"2023-10-27T10:10:39+00:00","dateModified":"2023-11-29T12:48:59+00:00","breadcrumb":{"@id":"https:\/\/visitpedraforca.6tems.es\/fr\/information\/comment-arriver\/#breadcrumb"},"inLanguage":"fr-FR","potentialAction":[{"@type":"ReadAction","target":["https:\/\/visitpedraforca.6tems.es\/fr\/information\/comment-arriver\/"]}]},{"@type":"BreadcrumbList","@id":"https:\/\/visitpedraforca.6tems.es\/fr\/information\/comment-arriver\/#breadcrumb","itemListElement":[{"@type":"ListItem","position":1,"name":"Inici","item":"https:\/\/visitpedraforca.6tems.es\/fr\/"},{"@type":"ListItem","position":2,"name":"information","item":"https:\/\/visitpedraforca.6tems.es\/fr\/information\/"},{"@type":"ListItem","position":3,"name":"Comment arriver"}]},{"@type":"WebSite","@id":"https:\/\/visitpedraforca.6tems.es\/#website","url":"https:\/\/visitpedraforca.6tems.es\/","name":"Visit Pedraforca","description":"","potentialAction":[{"@type":"SearchAction","target":{"@type":"EntryPoint","urlTemplate":"https:\/\/visitpedraforca.6tems.es\/?s={search_term_string}"},"query-input":"required name=search_term_string"}],"inLanguage":"fr-FR"}]}},"_links":{"self":[{"href":"https:\/\/visitpedraforca.6tems.es\/fr\/wp-json\/wp\/v2\/pages\/5676","targetHints":{"allow":["GET"]}}],"collection":[{"href":"https:\/\/visitpedraforca.6tems.es\/fr\/wp-json\/wp\/v2\/pages"}],"about":[{"href":"https:\/\/visitpedraforca.6tems.es\/fr\/wp-json\/wp\/v2\/types\/page"}],"author":[{"embeddable":true,"href":"https:\/\/visitpedraforca.6tems.es\/fr\/wp-json\/wp\/v2\/users\/1"}],"replies":[{"embeddable":true,"href":"https:\/\/visitpedraforca.6tems.es\/fr\/wp-json\/wp\/v2\/comments?post=5676"}],"version-history":[{"count":7,"href":"https:\/\/visitpedraforca.6tems.es\/fr\/wp-json\/wp\/v2\/pages\/5676\/revisions"}],"predecessor-version":[{"id":6969,"href":"https:\/\/visitpedraforca.6tems.es\/fr\/wp-json\/wp\/v2\/pages\/5676\/revisions\/6969"}],"up":[{"embeddable":true,"href":"https:\/\/visitpedraforca.6tems.es\/fr\/wp-json\/wp\/v2\/pages\/5617"}],"wp:featuredmedia":[{"embeddable":true,"href":"https:\/\/visitpedraforca.6tems.es\/fr\/wp-json\/wp\/v2\/media\/4717"}],"wp:attachment":[{"href":"https:\/\/visitpedraforca.6tems.es\/fr\/wp-json\/wp\/v2\/media?parent=5676"}],"curies":[{"name":"wp","href":"https:\/\/api.w.org\/{rel}","templated":true}]}}