














{"id":5652,"date":"2023-10-27T12:39:12","date_gmt":"2023-10-27T10:39:12","guid":{"rendered":"https:\/\/visitpedraforca.6tems.es\/information\/qui-sommes-nous\/"},"modified":"2023-11-24T14:58:24","modified_gmt":"2023-11-24T12:58:24","slug":"qui-sommes-nous","status":"publish","type":"page","link":"https:\/\/visitpedraforca.6tems.es\/fr\/information\/qui-sommes-nous\/","title":{"rendered":"Qui sommes nous"},"content":{"rendered":"\n\n\n\n<!-- block: visor-principal -->\n\n            \r\n\r\n<!-- inner banner starts -->\r\n<section class=\"inner-banner\">\r\n            <img decoding=\"async\" src=\"https:\/\/visitpedraforca.6tems.es\/wp-content\/uploads\/2023\/11\/Qui-som-scaled.jpg\" alt=\"\">\r\n        <div class=\"row\">\r\n        <div class=\"inr-ban-cnt\">\r\n                            <h1>Association des Vall\u00e9es du Pedraforca<\/h1>\r\n                    <\/div>\r\n    <\/div>\r\n<\/section>\r\n<!-- inner banner ends -->\r\n\r\n<!-- breadcrum starts -->\r\n        <section class=\"breadcrum bg-pale\">\r\n        <div class=\"row\">\r\n            <ul>\r\n                                    <li><a href=\"https:\/\/visitpedraforca.6tems.es\/fr\/\">Maison<\/a><\/li>\r\n                                    <li><a href=\"https:\/\/visitpedraforca.6tems.es\/fr\/information\/\">information<\/a><\/li>\r\n                                    <li><a href=\"https:\/\/visitpedraforca.6tems.es\/fr\/information\/qui-sommes-nous\/\">Qui sommes nous<\/a><\/li>\r\n                            <\/ul>\r\n        <\/div>\r\n    <\/section>\r\n<!-- breadcrum ends -->\r\n\r\n\r\n\r\n<!-- description starts -->\r\n    <section class=\"alot fullwidth\">\r\n        <div class=\"row\">\r\n            <div class=\"alot-pad\">\r\n                                                    <div class=\"alot-rgt\">\r\n                        <p>L&#8217;association Valls del Pedraforca est une <strong>organisation priv\u00e9e \u00e0 but non lucratif<\/strong> qui \u0153uvre pour <strong>la coh\u00e9sion territoriale<\/strong> et <strong>la coop\u00e9ration<\/strong> entre les diff\u00e9rents agents touristiques, toujours dans le respect et l&#8217;amour du territoire.<\/p>\n                    <\/div>\r\n                            <\/div>\r\n        <\/div>\r\n    <\/section>\r\n<!-- description ends -->        \n<!-- end block: visor-principal -->\n<h2 class=\"wp-block-heading\"><\/h2>\n\n<p>L&#8217;entit\u00e9 est n\u00e9e en 2015 des mains de 15 \u00e9tablissements priv\u00e9s, fruit de la n\u00e9cessit\u00e9 d&#8217; <strong>unir leurs efforts et de tisser des complicit\u00e9s<\/strong> . Cette ann\u00e9e, l&#8217;association compte plus de 38 membres.<\/p>\n\n<p>L&#8217;association \u00e0 but non lucratif promeut, repr\u00e9sente et coordonne, de mani\u00e8re participative, un <strong>mod\u00e8le de d\u00e9veloppement touristique durable ancr\u00e9 dans le territoire<\/strong> , qui allie le respect de l&#8217;environnement aux besoins et attentes de ses membres et en coordination avec les organismes publics.<\/p>\n\n\n<div class=\"fixta-allot-rgt\">\n            <div class=\"fixta-slide\">\n            <div id=\"fixta-slide\" class=\"owl-carousel fixta-slide\">\n                                                            <div class=\"item\"><a href=\"javascript:void(0);\"><img decoding=\"async\" src=\"https:\/\/visitpedraforca.6tems.es\/wp-content\/uploads\/2023\/11\/DJI_0569-1.jpg\"><\/a><\/div>\n                                                                                <div class=\"item\"><a href=\"javascript:void(0);\"><img decoding=\"async\" src=\"https:\/\/visitpedraforca.6tems.es\/wp-content\/uploads\/2023\/10\/shutterstock_2176183419-scaled.jpg\"><\/a><\/div>\n                                                                                <div class=\"item\"><a href=\"javascript:void(0);\"><img decoding=\"async\" src=\"https:\/\/visitpedraforca.6tems.es\/wp-content\/uploads\/2023\/11\/Cortals-de-lIngla-51.jpg\"><\/a><\/div>\n                                                                                <div class=\"item\"><a href=\"javascript:void(0);\"><img decoding=\"async\" src=\"https:\/\/visitpedraforca.6tems.es\/wp-content\/uploads\/2023\/11\/SALDES-GRESOLET-scaled.jpg\"><\/a><\/div>\n                                                <\/div>\n        <\/div>\n    <\/div>\n<h2 class=\"wp-block-heading\"><\/h2>\n","protected":false},"excerpt":{"rendered":"<p>L&#8217;entit\u00e9 est n\u00e9e en 2015 des mains de 15 \u00e9tablissements priv\u00e9s, fruit de la n\u00e9cessit\u00e9 d&#8217; unir leurs efforts et de tisser des complicit\u00e9s . Cette ann\u00e9e, l&#8217;association compte plus de 38 membres. L&#8217;association \u00e0 but non lucratif promeut, repr\u00e9sente et coordonne, de mani\u00e8re participative, un mod\u00e8le de d\u00e9veloppement touristique durable ancr\u00e9 dans le territoire [&hellip;]<\/p>\n","protected":false},"author":1,"featured_media":4758,"parent":5617,"menu_order":0,"comment_status":"closed","ping_status":"closed","template":"","meta":{"footnotes":""},"class_list":["post-5652","page","type-page","status-publish","has-post-thumbnail","hentry"],"acf":[],"yoast_head":"<!-- This site is optimized with the Yoast SEO plugin v21.6 - https:\/\/yoast.com\/wordpress\/plugins\/seo\/ -->\n<title>Qui sommes nous - Visit Pedraforca<\/title>\n<meta name=\"robots\" content=\"noindex, follow, max-snippet:-1, max-image-preview:large, max-video-preview:-1\" \/>\n<meta property=\"og:locale\" content=\"fr_FR\" \/>\n<meta property=\"og:type\" content=\"article\" \/>\n<meta property=\"og:title\" content=\"Qui sommes nous - Visit Pedraforca\" \/>\n<meta property=\"og:description\" content=\"L&#8217;entit\u00e9 est n\u00e9e en 2015 des mains de 15 \u00e9tablissements priv\u00e9s, fruit de la n\u00e9cessit\u00e9 d&#8217; unir leurs efforts et de tisser des complicit\u00e9s . Cette ann\u00e9e, l&#8217;association compte plus de 38 membres. L&#8217;association \u00e0 but non lucratif promeut, repr\u00e9sente et coordonne, de mani\u00e8re participative, un mod\u00e8le de d\u00e9veloppement touristique durable ancr\u00e9 dans le territoire [&hellip;]\" \/>\n<meta property=\"og:url\" content=\"https:\/\/visitpedraforca.6tems.es\/fr\/information\/qui-sommes-nous\/\" \/>\n<meta property=\"og:site_name\" content=\"Visit Pedraforca\" \/>\n<meta property=\"article:modified_time\" content=\"2023-11-24T12:58:24+00:00\" \/>\n<meta property=\"og:image\" content=\"https:\/\/visitpedraforca.6tems.es\/wp-content\/uploads\/2023\/11\/Qui-som-scaled.jpg\" \/>\n\t<meta property=\"og:image:width\" content=\"2560\" \/>\n\t<meta property=\"og:image:height\" content=\"1709\" \/>\n\t<meta property=\"og:image:type\" content=\"image\/jpeg\" \/>\n<meta name=\"twitter:card\" content=\"summary_large_image\" \/>\n<script type=\"application\/ld+json\" class=\"yoast-schema-graph\">{\"@context\":\"https:\/\/schema.org\",\"@graph\":[{\"@type\":\"WebPage\",\"@id\":\"https:\/\/visitpedraforca.6tems.es\/fr\/information\/qui-sommes-nous\/\",\"url\":\"https:\/\/visitpedraforca.6tems.es\/fr\/information\/qui-sommes-nous\/\",\"name\":\"Qui sommes nous - Visit Pedraforca\",\"isPartOf\":{\"@id\":\"https:\/\/visitpedraforca.6tems.es\/#website\"},\"datePublished\":\"2023-10-27T10:39:12+00:00\",\"dateModified\":\"2023-11-24T12:58:24+00:00\",\"breadcrumb\":{\"@id\":\"https:\/\/visitpedraforca.6tems.es\/fr\/information\/qui-sommes-nous\/#breadcrumb\"},\"inLanguage\":\"fr-FR\",\"potentialAction\":[{\"@type\":\"ReadAction\",\"target\":[\"https:\/\/visitpedraforca.6tems.es\/fr\/information\/qui-sommes-nous\/\"]}]},{\"@type\":\"BreadcrumbList\",\"@id\":\"https:\/\/visitpedraforca.6tems.es\/fr\/information\/qui-sommes-nous\/#breadcrumb\",\"itemListElement\":[{\"@type\":\"ListItem\",\"position\":1,\"name\":\"Inici\",\"item\":\"https:\/\/visitpedraforca.6tems.es\/fr\/\"},{\"@type\":\"ListItem\",\"position\":2,\"name\":\"information\",\"item\":\"https:\/\/visitpedraforca.6tems.es\/fr\/information\/\"},{\"@type\":\"ListItem\",\"position\":3,\"name\":\"Qui sommes nous\"}]},{\"@type\":\"WebSite\",\"@id\":\"https:\/\/visitpedraforca.6tems.es\/#website\",\"url\":\"https:\/\/visitpedraforca.6tems.es\/\",\"name\":\"Visit Pedraforca\",\"description\":\"\",\"potentialAction\":[{\"@type\":\"SearchAction\",\"target\":{\"@type\":\"EntryPoint\",\"urlTemplate\":\"https:\/\/visitpedraforca.6tems.es\/?s={search_term_string}\"},\"query-input\":\"required name=search_term_string\"}],\"inLanguage\":\"fr-FR\"}]}<\/script>\n<!-- \/ Yoast SEO plugin. -->","yoast_head_json":{"title":"Qui sommes nous - Visit Pedraforca","robots":{"index":"noindex","follow":"follow","max-snippet":"max-snippet:-1","max-image-preview":"max-image-preview:large","max-video-preview":"max-video-preview:-1"},"og_locale":"fr_FR","og_type":"article","og_title":"Qui sommes nous - Visit Pedraforca","og_description":"L&#8217;entit\u00e9 est n\u00e9e en 2015 des mains de 15 \u00e9tablissements priv\u00e9s, fruit de la n\u00e9cessit\u00e9 d&#8217; unir leurs efforts et de tisser des complicit\u00e9s . Cette ann\u00e9e, l&#8217;association compte plus de 38 membres. L&#8217;association \u00e0 but non lucratif promeut, repr\u00e9sente et coordonne, de mani\u00e8re participative, un mod\u00e8le de d\u00e9veloppement touristique durable ancr\u00e9 dans le territoire [&hellip;]","og_url":"https:\/\/visitpedraforca.6tems.es\/fr\/information\/qui-sommes-nous\/","og_site_name":"Visit Pedraforca","article_modified_time":"2023-11-24T12:58:24+00:00","og_image":[{"width":2560,"height":1709,"url":"https:\/\/visitpedraforca.6tems.es\/wp-content\/uploads\/2023\/11\/Qui-som-scaled.jpg","type":"image\/jpeg"}],"twitter_card":"summary_large_image","schema":{"@context":"https:\/\/schema.org","@graph":[{"@type":"WebPage","@id":"https:\/\/visitpedraforca.6tems.es\/fr\/information\/qui-sommes-nous\/","url":"https:\/\/visitpedraforca.6tems.es\/fr\/information\/qui-sommes-nous\/","name":"Qui sommes nous - Visit Pedraforca","isPartOf":{"@id":"https:\/\/visitpedraforca.6tems.es\/#website"},"datePublished":"2023-10-27T10:39:12+00:00","dateModified":"2023-11-24T12:58:24+00:00","breadcrumb":{"@id":"https:\/\/visitpedraforca.6tems.es\/fr\/information\/qui-sommes-nous\/#breadcrumb"},"inLanguage":"fr-FR","potentialAction":[{"@type":"ReadAction","target":["https:\/\/visitpedraforca.6tems.es\/fr\/information\/qui-sommes-nous\/"]}]},{"@type":"BreadcrumbList","@id":"https:\/\/visitpedraforca.6tems.es\/fr\/information\/qui-sommes-nous\/#breadcrumb","itemListElement":[{"@type":"ListItem","position":1,"name":"Inici","item":"https:\/\/visitpedraforca.6tems.es\/fr\/"},{"@type":"ListItem","position":2,"name":"information","item":"https:\/\/visitpedraforca.6tems.es\/fr\/information\/"},{"@type":"ListItem","position":3,"name":"Qui sommes nous"}]},{"@type":"WebSite","@id":"https:\/\/visitpedraforca.6tems.es\/#website","url":"https:\/\/visitpedraforca.6tems.es\/","name":"Visit Pedraforca","description":"","potentialAction":[{"@type":"SearchAction","target":{"@type":"EntryPoint","urlTemplate":"https:\/\/visitpedraforca.6tems.es\/?s={search_term_string}"},"query-input":"required name=search_term_string"}],"inLanguage":"fr-FR"}]}},"_links":{"self":[{"href":"https:\/\/visitpedraforca.6tems.es\/fr\/wp-json\/wp\/v2\/pages\/5652","targetHints":{"allow":["GET"]}}],"collection":[{"href":"https:\/\/visitpedraforca.6tems.es\/fr\/wp-json\/wp\/v2\/pages"}],"about":[{"href":"https:\/\/visitpedraforca.6tems.es\/fr\/wp-json\/wp\/v2\/types\/page"}],"author":[{"embeddable":true,"href":"https:\/\/visitpedraforca.6tems.es\/fr\/wp-json\/wp\/v2\/users\/1"}],"replies":[{"embeddable":true,"href":"https:\/\/visitpedraforca.6tems.es\/fr\/wp-json\/wp\/v2\/comments?post=5652"}],"version-history":[{"count":2,"href":"https:\/\/visitpedraforca.6tems.es\/fr\/wp-json\/wp\/v2\/pages\/5652\/revisions"}],"predecessor-version":[{"id":6449,"href":"https:\/\/visitpedraforca.6tems.es\/fr\/wp-json\/wp\/v2\/pages\/5652\/revisions\/6449"}],"up":[{"embeddable":true,"href":"https:\/\/visitpedraforca.6tems.es\/fr\/wp-json\/wp\/v2\/pages\/5617"}],"wp:featuredmedia":[{"embeddable":true,"href":"https:\/\/visitpedraforca.6tems.es\/fr\/wp-json\/wp\/v2\/media\/4758"}],"wp:attachment":[{"href":"https:\/\/visitpedraforca.6tems.es\/fr\/wp-json\/wp\/v2\/media?parent=5652"}],"curies":[{"name":"wp","href":"https:\/\/api.w.org\/{rel}","templated":true}]}}