














{"id":5607,"date":"2023-10-27T12:35:14","date_gmt":"2023-10-27T10:35:14","guid":{"rendered":"https:\/\/visitpedraforca.6tems.es\/climat\/"},"modified":"2023-11-24T14:51:15","modified_gmt":"2023-11-24T12:51:15","slug":"climat","status":"publish","type":"page","link":"https:\/\/visitpedraforca.6tems.es\/fr\/information\/climat\/","title":{"rendered":"climat"},"content":{"rendered":"\n\n\n\n<!-- block: visor-principal -->\n\n            \r\n\r\n<!-- inner banner starts -->\r\n<section class=\"inner-banner\">\r\n            <img decoding=\"async\" src=\"https:\/\/visitpedraforca.6tems.es\/wp-content\/uploads\/2023\/11\/Clima-scaled.jpg\" alt=\"\">\r\n        <div class=\"row\">\r\n        <div class=\"inr-ban-cnt\">\r\n                            <h1>climat<\/h1>\r\n                    <\/div>\r\n    <\/div>\r\n<\/section>\r\n<!-- inner banner ends -->\r\n\r\n<!-- breadcrum starts -->\r\n        <section class=\"breadcrum bg-pale\">\r\n        <div class=\"row\">\r\n            <ul>\r\n                                    <li><a href=\"https:\/\/visitpedraforca.6tems.es\/fr\/\">Maison<\/a><\/li>\r\n                                    <li><a href=\"https:\/\/visitpedraforca.6tems.es\/fr\/information\/\">information<\/a><\/li>\r\n                                    <li><a href=\"https:\/\/visitpedraforca.6tems.es\/fr\/information\/climat\/\">climat<\/a><\/li>\r\n                            <\/ul>\r\n        <\/div>\r\n    <\/section>\r\n<!-- breadcrum ends -->\r\n\r\n\r\n\r\n<!-- description starts -->\r\n    <section class=\"alot fullwidth\">\r\n        <div class=\"row\">\r\n            <div class=\"alot-pad\">\r\n                                                    <div class=\"alot-rgt\">\r\n                        <p>Il est indispensable de v\u00e9rifier la <strong>m\u00e9t\u00e9o<\/strong> avant de gravir le Pedraforca, car elle est tr\u00e8s variable. Cela vaut la peine de consulter les portails sp\u00e9cialis\u00e9s.<\/p>\n                    <\/div>\r\n                            <\/div>\r\n        <\/div>\r\n    <\/section>\r\n<!-- description ends -->        \n<!-- end block: visor-principal -->\n<h2 class=\"wp-block-heading\">printemps<\/h2>\n\n<p>Le printemps dans cette r\u00e9gion est caract\u00e9ris\u00e9 par une augmentation de la temp\u00e9rature, la floraison des plantes et des arbres et l&#8217;apparition d&#8217;une vie animale plus active apr\u00e8s l&#8217;hiver. Les vall\u00e9es pleines de couleurs, avec des fleurs \u00e9panouies et des paysages verdoyants apr\u00e8s les pluies printani\u00e8res.<\/p>\n\n<h2 class=\"wp-block-heading\">\u00e9t\u00e9<\/h2>\n\n<p>En cette saison, les r\u00e9sidents et les visiteurs profitent de l\u2019air frais et de la lumi\u00e8re vive du soleil d\u2019\u00e9t\u00e9. Les march\u00e9s locaux regorgent de produits frais de saison, et les festivals et c\u00e9l\u00e9brations remplissent les rues de joie. L&#8217;\u00e9t\u00e9 dans les vall\u00e9es du Pedraforca invite la communaut\u00e9 \u00e0 profiter de la nature dans toute sa splendeur.<\/p>\n\n<h2 class=\"wp-block-heading\">automne<\/h2>\n\n<p>Les villes accueillent facilement la transition vers l\u2019hiver et les communaut\u00e9s locales se pr\u00e9parent pour leurs propres festivit\u00e9s d\u2019automne. Les march\u00e9s proposent des produits de saison tels que des ch\u00e2taignes et des noix, tandis que des \u00e9v\u00e9nements culturels c\u00e9l\u00e8brent les traditions locales.<\/p>\n\n<h2 class=\"wp-block-heading\">hiver<\/h2>\n\n<p>Cette station offre la possibilit\u00e9 de pratiquer des sports d&#8217;hiver. Les vall\u00e9es enneig\u00e9es deviennent le lieu id\u00e9al pour des excursions en raquettes, permettant d&#8217;explorer sereinement leurs environs.<\/p>\n\n\n<div class=\"fixta-allot-rgt\">\n            <div class=\"fixta-slide\">\n            <div id=\"fixta-slide\" class=\"owl-carousel fixta-slide\">\n                                                            <div class=\"item\"><a href=\"javascript:void(0);\"><img decoding=\"async\" src=\"https:\/\/visitpedraforca.6tems.es\/wp-content\/uploads\/2023\/10\/caseta-out-1024x675-1.jpeg\"><\/a><\/div>\n                                                                                <div class=\"item\"><a href=\"javascript:void(0);\"><img decoding=\"async\" src=\"https:\/\/visitpedraforca.6tems.es\/wp-content\/uploads\/2023\/10\/shutterstock_1963055524.jpg\"><\/a><\/div>\n                                                                                <div class=\"item\"><a href=\"javascript:void(0);\"><img decoding=\"async\" src=\"https:\/\/visitpedraforca.6tems.es\/wp-content\/uploads\/2023\/10\/IMG_5964.jpg\"><\/a><\/div>\n                                                                                <div class=\"item\"><a href=\"javascript:void(0);\"><img decoding=\"async\" src=\"https:\/\/visitpedraforca.6tems.es\/wp-content\/uploads\/2023\/10\/IMG_5943.jpg\"><\/a><\/div>\n                                                                                <div class=\"item\"><a href=\"javascript:void(0);\"><img decoding=\"async\" src=\"https:\/\/visitpedraforca.6tems.es\/wp-content\/uploads\/2023\/10\/IMG_5905-1-1.jpg\"><\/a><\/div>\n                                                <\/div>\n        <\/div>\n    <\/div>\n\n\n\n\r\n\r\n\r\n\r\n\r\n\r\n<!-- fixta allotjament starts --> \r\n    <section class=\"exper-sec block_3e11cea2b0b363ae7299d0a7dd51f7f3 post_typeportal-del-temps\" data-id=\"block_3e11cea2b0b363ae7299d0a7dd51f7f3\">         \r\n        <div class=\"row\">\r\n            <div class=\"filter-title\">\r\n                                                            <h2>Portals del temps<\/h2>\r\n                                                                <\/div>\r\n        <\/div>\r\n\r\n              \r\n        <div class=\"row\">\r\n            <div class=\"exp-grid\">\r\n                <!-- <div class=\"row\"> -->\r\n                <div class=\"exp-grid-list active\">\r\n                    <div class=\"exp-list\">\r\n                        <ul class=\"\"><\/ul>\r\n                    <\/div>\r\n                    <div class=\"list-loader\">\r\n                        <span class=\"loader\"><\/span>\r\n                    <\/div>\r\n                    <div class=\"pagination p1 view-more\">\r\n                        <ul>\r\n                            <li data-page=\"prev\"><a href=\"javascript:void(0);\"><img decoding=\"async\" src=\"https:\/\/visitpedraforca.6tems.es\/wp-content\/themes\/visitpedraforca\/resources\/v2\/images\/arrow-left.svg\" alt=\"\"><\/a><\/li>\r\n                                                            <li data-page=\"1\"><a class=\"is-active\" href=\"javascript:void(0);\">1<\/a><\/li>\r\n                                                        <li data-page=\"next\"><a href=\"javascript:void(0);\"><img decoding=\"async\" src=\"https:\/\/visitpedraforca.6tems.es\/wp-content\/themes\/visitpedraforca\/resources\/v2\/images\/arrow-right.svg\" alt=\"\"><\/a><\/li>\r\n                        <\/ul>\r\n                        <p>\r\n                            <span class=\"start-item\"><\/span> &#8211; <span class=\"end-item\"><\/span> de <span class=\"total-items\"><\/span> \r\n                                                            Portals del temps                                                    <\/p>\r\n                    <\/div>\r\n                <\/div>\r\n                <!-- <\/div> -->\r\n\r\n                <div class=\"venure-mapa\">\r\n                    <div class=\"map-inner\">\r\n                        \r\n\r\n\r\n\r\n\r\n\r\n<div class=\"acf-map\" style=\"height: 802px; position: relative; overflow: hidden;\">\r\n    <\/div>                    <\/div>\r\n                <\/div>\r\n            <\/div>\r\n        <\/div>\r\n    <\/section>\r\n<!-- fixta allotjament ends -->\r\n                      \n","protected":false},"excerpt":{"rendered":"<p>printemps Le printemps dans cette r\u00e9gion est caract\u00e9ris\u00e9 par une augmentation de la temp\u00e9rature, la floraison des plantes et des arbres et l&#8217;apparition d&#8217;une vie animale plus active apr\u00e8s l&#8217;hiver. Les vall\u00e9es pleines de couleurs, avec des fleurs \u00e9panouies et des paysages verdoyants apr\u00e8s les pluies printani\u00e8res. \u00e9t\u00e9 En cette saison, les r\u00e9sidents et les [&hellip;]<\/p>\n","protected":false},"author":1,"featured_media":4723,"parent":5617,"menu_order":0,"comment_status":"closed","ping_status":"closed","template":"","meta":{"footnotes":""},"class_list":["post-5607","page","type-page","status-publish","has-post-thumbnail","hentry"],"acf":[],"yoast_head":"<!-- This site is optimized with the Yoast SEO plugin v21.6 - https:\/\/yoast.com\/wordpress\/plugins\/seo\/ -->\n<title>climat - Visit Pedraforca<\/title>\n<meta name=\"robots\" content=\"noindex, follow, max-snippet:-1, max-image-preview:large, max-video-preview:-1\" \/>\n<meta property=\"og:locale\" content=\"fr_FR\" \/>\n<meta property=\"og:type\" content=\"article\" \/>\n<meta property=\"og:title\" content=\"climat - Visit Pedraforca\" \/>\n<meta property=\"og:description\" content=\"printemps Le printemps dans cette r\u00e9gion est caract\u00e9ris\u00e9 par une augmentation de la temp\u00e9rature, la floraison des plantes et des arbres et l&#8217;apparition d&#8217;une vie animale plus active apr\u00e8s l&#8217;hiver. Les vall\u00e9es pleines de couleurs, avec des fleurs \u00e9panouies et des paysages verdoyants apr\u00e8s les pluies printani\u00e8res. \u00e9t\u00e9 En cette saison, les r\u00e9sidents et les [&hellip;]\" \/>\n<meta property=\"og:url\" content=\"https:\/\/visitpedraforca.6tems.es\/fr\/information\/climat\/\" \/>\n<meta property=\"og:site_name\" content=\"Visit Pedraforca\" \/>\n<meta property=\"article:modified_time\" content=\"2023-11-24T12:51:15+00:00\" \/>\n<meta property=\"og:image\" content=\"https:\/\/visitpedraforca.6tems.es\/wp-content\/uploads\/2023\/11\/Clima-scaled.jpg\" \/>\n\t<meta property=\"og:image:width\" content=\"2560\" \/>\n\t<meta property=\"og:image:height\" content=\"1707\" \/>\n\t<meta property=\"og:image:type\" content=\"image\/jpeg\" \/>\n<meta name=\"twitter:card\" content=\"summary_large_image\" \/>\n<meta name=\"twitter:label1\" content=\"Dur\u00e9e de lecture estim\u00e9e\" \/>\n\t<meta name=\"twitter:data1\" content=\"1 minute\" \/>\n<script type=\"application\/ld+json\" class=\"yoast-schema-graph\">{\"@context\":\"https:\/\/schema.org\",\"@graph\":[{\"@type\":\"WebPage\",\"@id\":\"https:\/\/visitpedraforca.6tems.es\/fr\/information\/climat\/\",\"url\":\"https:\/\/visitpedraforca.6tems.es\/fr\/information\/climat\/\",\"name\":\"climat - Visit Pedraforca\",\"isPartOf\":{\"@id\":\"https:\/\/visitpedraforca.6tems.es\/#website\"},\"datePublished\":\"2023-10-27T10:35:14+00:00\",\"dateModified\":\"2023-11-24T12:51:15+00:00\",\"breadcrumb\":{\"@id\":\"https:\/\/visitpedraforca.6tems.es\/fr\/information\/climat\/#breadcrumb\"},\"inLanguage\":\"fr-FR\",\"potentialAction\":[{\"@type\":\"ReadAction\",\"target\":[\"https:\/\/visitpedraforca.6tems.es\/fr\/information\/climat\/\"]}]},{\"@type\":\"BreadcrumbList\",\"@id\":\"https:\/\/visitpedraforca.6tems.es\/fr\/information\/climat\/#breadcrumb\",\"itemListElement\":[{\"@type\":\"ListItem\",\"position\":1,\"name\":\"Inici\",\"item\":\"https:\/\/visitpedraforca.6tems.es\/fr\/\"},{\"@type\":\"ListItem\",\"position\":2,\"name\":\"information\",\"item\":\"https:\/\/visitpedraforca.6tems.es\/fr\/information\/\"},{\"@type\":\"ListItem\",\"position\":3,\"name\":\"climat\"}]},{\"@type\":\"WebSite\",\"@id\":\"https:\/\/visitpedraforca.6tems.es\/#website\",\"url\":\"https:\/\/visitpedraforca.6tems.es\/\",\"name\":\"Visit Pedraforca\",\"description\":\"\",\"potentialAction\":[{\"@type\":\"SearchAction\",\"target\":{\"@type\":\"EntryPoint\",\"urlTemplate\":\"https:\/\/visitpedraforca.6tems.es\/?s={search_term_string}\"},\"query-input\":\"required name=search_term_string\"}],\"inLanguage\":\"fr-FR\"}]}<\/script>\n<!-- \/ Yoast SEO plugin. -->","yoast_head_json":{"title":"climat - Visit Pedraforca","robots":{"index":"noindex","follow":"follow","max-snippet":"max-snippet:-1","max-image-preview":"max-image-preview:large","max-video-preview":"max-video-preview:-1"},"og_locale":"fr_FR","og_type":"article","og_title":"climat - Visit Pedraforca","og_description":"printemps Le printemps dans cette r\u00e9gion est caract\u00e9ris\u00e9 par une augmentation de la temp\u00e9rature, la floraison des plantes et des arbres et l&#8217;apparition d&#8217;une vie animale plus active apr\u00e8s l&#8217;hiver. Les vall\u00e9es pleines de couleurs, avec des fleurs \u00e9panouies et des paysages verdoyants apr\u00e8s les pluies printani\u00e8res. \u00e9t\u00e9 En cette saison, les r\u00e9sidents et les [&hellip;]","og_url":"https:\/\/visitpedraforca.6tems.es\/fr\/information\/climat\/","og_site_name":"Visit Pedraforca","article_modified_time":"2023-11-24T12:51:15+00:00","og_image":[{"width":2560,"height":1707,"url":"https:\/\/visitpedraforca.6tems.es\/wp-content\/uploads\/2023\/11\/Clima-scaled.jpg","type":"image\/jpeg"}],"twitter_card":"summary_large_image","twitter_misc":{"Dur\u00e9e de lecture estim\u00e9e":"1 minute"},"schema":{"@context":"https:\/\/schema.org","@graph":[{"@type":"WebPage","@id":"https:\/\/visitpedraforca.6tems.es\/fr\/information\/climat\/","url":"https:\/\/visitpedraforca.6tems.es\/fr\/information\/climat\/","name":"climat - Visit Pedraforca","isPartOf":{"@id":"https:\/\/visitpedraforca.6tems.es\/#website"},"datePublished":"2023-10-27T10:35:14+00:00","dateModified":"2023-11-24T12:51:15+00:00","breadcrumb":{"@id":"https:\/\/visitpedraforca.6tems.es\/fr\/information\/climat\/#breadcrumb"},"inLanguage":"fr-FR","potentialAction":[{"@type":"ReadAction","target":["https:\/\/visitpedraforca.6tems.es\/fr\/information\/climat\/"]}]},{"@type":"BreadcrumbList","@id":"https:\/\/visitpedraforca.6tems.es\/fr\/information\/climat\/#breadcrumb","itemListElement":[{"@type":"ListItem","position":1,"name":"Inici","item":"https:\/\/visitpedraforca.6tems.es\/fr\/"},{"@type":"ListItem","position":2,"name":"information","item":"https:\/\/visitpedraforca.6tems.es\/fr\/information\/"},{"@type":"ListItem","position":3,"name":"climat"}]},{"@type":"WebSite","@id":"https:\/\/visitpedraforca.6tems.es\/#website","url":"https:\/\/visitpedraforca.6tems.es\/","name":"Visit Pedraforca","description":"","potentialAction":[{"@type":"SearchAction","target":{"@type":"EntryPoint","urlTemplate":"https:\/\/visitpedraforca.6tems.es\/?s={search_term_string}"},"query-input":"required name=search_term_string"}],"inLanguage":"fr-FR"}]}},"_links":{"self":[{"href":"https:\/\/visitpedraforca.6tems.es\/fr\/wp-json\/wp\/v2\/pages\/5607","targetHints":{"allow":["GET"]}}],"collection":[{"href":"https:\/\/visitpedraforca.6tems.es\/fr\/wp-json\/wp\/v2\/pages"}],"about":[{"href":"https:\/\/visitpedraforca.6tems.es\/fr\/wp-json\/wp\/v2\/types\/page"}],"author":[{"embeddable":true,"href":"https:\/\/visitpedraforca.6tems.es\/fr\/wp-json\/wp\/v2\/users\/1"}],"replies":[{"embeddable":true,"href":"https:\/\/visitpedraforca.6tems.es\/fr\/wp-json\/wp\/v2\/comments?post=5607"}],"version-history":[{"count":4,"href":"https:\/\/visitpedraforca.6tems.es\/fr\/wp-json\/wp\/v2\/pages\/5607\/revisions"}],"predecessor-version":[{"id":6414,"href":"https:\/\/visitpedraforca.6tems.es\/fr\/wp-json\/wp\/v2\/pages\/5607\/revisions\/6414"}],"up":[{"embeddable":true,"href":"https:\/\/visitpedraforca.6tems.es\/fr\/wp-json\/wp\/v2\/pages\/5617"}],"wp:featuredmedia":[{"embeddable":true,"href":"https:\/\/visitpedraforca.6tems.es\/fr\/wp-json\/wp\/v2\/media\/4723"}],"wp:attachment":[{"href":"https:\/\/visitpedraforca.6tems.es\/fr\/wp-json\/wp\/v2\/media?parent=5607"}],"curies":[{"name":"wp","href":"https:\/\/api.w.org\/{rel}","templated":true}]}}