














{"id":6615,"date":"2023-11-27T17:08:06","date_gmt":"2023-11-27T15:08:06","guid":{"rendered":"https:\/\/visitpedraforca.6tems.es\/aviso-legal\/"},"modified":"2023-11-29T10:23:17","modified_gmt":"2023-11-29T08:23:17","slug":"aviso-legal","status":"publish","type":"page","link":"https:\/\/visitpedraforca.6tems.es\/es\/aviso-legal\/","title":{"rendered":"Aviso legal"},"content":{"rendered":"\n\n\n\n<!-- block: visor-principal -->\n\n            \r\n\r\n<!-- inner banner starts -->\r\n<section class=\"inner-banner\">\r\n            <img decoding=\"async\" src=\"https:\/\/visitpedraforca.6tems.es\/wp-content\/uploads\/2023\/11\/shutterstock_552254821-scaled.jpg\" alt=\"\">\r\n        <div class=\"row\">\r\n        <div class=\"inr-ban-cnt\">\r\n                            <h1>Aviso legal<\/h1>\r\n                    <\/div>\r\n    <\/div>\r\n<\/section>\r\n<!-- inner banner ends -->\r\n\r\n<!-- breadcrum starts -->\r\n        <section class=\"breadcrum \">\r\n        <div class=\"row\">\r\n            <ul>\r\n                                    <li><a href=\"https:\/\/visitpedraforca.6tems.es\/es\/\">Inicio<\/a><\/li>\r\n                                    <li><a href=\"https:\/\/visitpedraforca.6tems.es\/es\/aviso-legal\/\">Aviso legal<\/a><\/li>\r\n                            <\/ul>\r\n        <\/div>\r\n    <\/section>\r\n<!-- breadcrum ends -->\r\n\r\n\r\n\r\n<!-- description starts -->\r\n<!-- description ends -->        \n<!-- end block: visor-principal -->\n<p>\u00daltima Actualizaci\u00f3n: 1 de Julio de 2021<\/p>\n\n<p>1. Informaci\u00f3n legal<\/p>\n\n<p>1.1. En cumplimiento del deber de informaci\u00f3n establecido en el art\u00edculo 10 de la Ley 34\/2002, de Servicios de la Sociedad de la Informaci\u00f3n y de Comercio Electr\u00f3nico, le comunicamos que el titular del sitio web https:\/\/www.visitpedraforca.com \/ es la Asociaci\u00f3n para la Promoci\u00f3n y Dinamizaci\u00f3n Tur\u00edstica de los Valles del Pedraforca (en adelante, AVP).<\/p>\n\n<p>Los datos identificativos y de contacto con los titulares del sitio web https:\/\/www.visitpedraforca.com\/ son los siguientes:<br\/>&#8211; <strong>Titular:<\/strong> ASOCIACI\u00d3N POR LA PROMOCI\u00d3N Y DINAMIZACI\u00d3N TUR\u00cdSTICA DE LOS VALLES DEL PEDRAFORCA \u2013 (AVP)<br\/>&#8211; <strong>CIF:<\/strong> G67032763<br\/>-Inscrita en la secci\u00f3n 1\u00aa del Registro de Asociaciones de la Generalidad de Catalu\u00f1a, con fecha 19 de septiembre de 2017.<br\/>-Domicilio social a tal efecto <strong>Casa Carcau- C\u00e1mping Mirador en el Pedraforca S\/N, 08697, Saldes, Barcelona<\/strong> .<br\/>&#8211; <strong>Correo-e:<\/strong> <a href=\"mailto:coordinacio@vallsdelpedraforca.com\">coordinacio@vallsdelpedraforca.com<\/a> <\/p>\n\n<p>2. <strong>Objeto y \u00e1mbito de aplicaci\u00f3n<\/strong><\/p>\n\n<p>2.1. Mediante este Aviso Legal se establecen las condiciones generales de uso que regulan el acceso, navegaci\u00f3n y uso del sitio web https:\/\/www.visitpedraforca.com\/. (en adelante, Sitio Web), as\u00ed como las responsabilidades derivadas de la utilizaci\u00f3n de sus contenidos. Adicionalmente, la prestaci\u00f3n de determinados servicios o actividades en el marco del Sitio Web podr\u00e1n quedar asimismo sometidas a otras condiciones particulares que pudieran establecerse y que, en su caso, sustituyan, complementen y\/o modifiquen las condiciones generales de uso de este Aviso Legal.<\/p>\n\n<p>2.2. Este Sitio Web es un servicio que la <strong>AVP<\/strong> pone a disposici\u00f3n de los usuarios de Internet con finalidad informativa, pudiendo efectuar en cualquier momento y sin previo aviso las modificaciones que considere oportunas en su dise\u00f1o, configuraci\u00f3n y contenidos.<\/p>\n\n<p>2.3.El acceso y uso de este Sitio web atribuye al visitante la condici\u00f3n de USUARIO e implica su aceptaci\u00f3n de forma plena y sin reservas, desde este acceso y\/o uso, de todas y cada una de las condiciones de uso que el<strong>AVP<\/strong>  incluya en este Aviso Legal, en la versi\u00f3n publicada en el momento en que acceda al mismo. En este sentido, se entender\u00e1 por USUARIO a la persona que acceda, navegue, utilice o participe en los servicios y actividades desarrolladas en el Sitio web.<\/p>\n\n<p>2.4. El USUARIO se obliga a hacer un uso correcto del Sitio Web, de conformidad con las leyes aplicables, la buena fe, el orden p\u00fablico, los usos del tr\u00e1fico y el presente Aviso Legal, respondiendo frente al<strong>AVP<\/strong>  y frente a terceros de cualesquiera da\u00f1os y perjuicios que pudieran causarse a consecuencia del incumplimiento de esta obligaci\u00f3n.<\/p>\n\n<p>3. <strong>Acceso y utilizaci\u00f3n del Sitio web<\/strong><br\/>3.1. El acceso a este Sitio Web es libre y gratuito, salvo en lo relativo al coste de conexi\u00f3n de la red de telecomunicaciones suministrada por el operador contratado por cada USUARIO.<\/p>\n\n<p>3.2.El USUARIO asume la responsabilidad del uso del Sitio web. Por tanto, el USUARIO se obliga a utilizar los contenidos de manera diligente y l\u00edcita y, en particular, se compromete a no emplearlos para, entre otros usos:<br\/>-Utilizar identidades falsas, o suplantar la identidad de otros usuarios en la utilizaci\u00f3n del Sitio Web o de sus servicios.<br\/>-Introducir en la red virus inform\u00e1ticos o realizar actuaciones susceptibles de alterar, da\u00f1ar, interrumpir o generar errores o da\u00f1os en los documentos electr\u00f3nicos, datos o sistemas f\u00edsicos y l\u00f3gicos del<strong>AVP<\/strong>  o de terceras personas, as\u00ed como obstaculizar el acceso de otros usuarios al Sitio Web ya sus servicios mediante el consumo masivo de los recursos inform\u00e1ticos a trav\u00e9s de los cuales<strong>AVP<\/strong>  presta sus servicios.<br\/>-Intentar acceder y, en su caso, utilizar las cuentas de correo electr\u00f3nico de otros usuarios.<br\/>-Reproducir, copiar, distribuir, poner a disposici\u00f3n o de cualquier otra forma comunicar p\u00fablicamente, transformar o modificar los contenidos del Sitio Web, con fines comerciales, en cualquier soporte y por cualquier medio t\u00e9cnico, sin la autorizaci\u00f3n previa y expresa del titular de los correspondientes derechos.<br\/>-Introducir o incorporar como una actividad empresarial o profesional propia los contenidos y\/o servicios presentados en este Sitio Web.<br\/>-Vulnerar cualesquiera derechos de propiedad intelectual o industrial derivados de los contenidos del Sitio Web.<br\/>-Utilizar los contenidos y\/o la informaci\u00f3n de cualquier clase obtenida a trav\u00e9s de este Sitio Web para realizar actividades publicitarias o promocionales, remitir publicidad de cualquier clase y comunicaciones con fines de venta u otros de naturaleza comercial, o para recopilar, comercializar o divulgar de cualquier modo esta informaci\u00f3n.<br\/>-Utilizar este Sitio Web, o los contenidos y\/o servicios obtenidos, para la realizaci\u00f3n de actividades contrarias a la ley, a la moral, las buenas costumbres o al orden p\u00fablico, con fines o efectos il\u00edcitos, prohibidos o lesivos de derechos e intereses de terceros.<\/p>\n\n<p>3.3.El<strong>AVP<\/strong>  se reserva el derecho a interrumpir en cualquier momento y sin previo aviso el acceso al Sitio Web, as\u00ed como a interrumpir la prestaci\u00f3n de cualquiera o de todos los servicios que se prestan a trav\u00e9s del mismo, ya sea por motivos t\u00e9cnicos, de seguridad , o por cualquier otra causa.<\/p>\n\n<p>4. <strong>Protecci\u00f3n de datos personales<\/strong><br\/>4.1. La AVP se compromete al tratamiento de los datos personales de forma respetuosa con los derechos de sus titulares, y de conformidad con la normativa de protecci\u00f3n de datos que se encuentre en vigor en cada momento.<\/p>\n\n<p>4.2. En la secci\u00f3n \u00ab<a href=\"https:\/\/www.visitpedraforca.com\/politica-de-privacitat\/\">Pol\u00edtica de Privacidad<\/a>\u00bb del Sitio web se pone a disposici\u00f3n permanente del USUARIO la informaci\u00f3n legal o pol\u00edtica de privacidad correspondiente a los diferentes tratamientos de datos llevados a cabo por el<strong>AVP<\/strong>, en relaci\u00f3n a la gesti\u00f3n de datos de usuarios de la web, seguidores en redes sociales, candidatos, etc.  <\/p>\n\n<p>4.3. En caso de que el USUARIO rellene voluntariamente cualquiera de los formularios online de recogida de datos disponibles en el Sitio web, para acceder a algunos de sus servicios o contenidos, se compromete a proporcionar datos exactos y veraces, as\u00ed como a comunicar al <strong>AVP<\/strong> cualquier modificaci\u00f3n de \u00e9stas. Salvo en caso de indicarse expresamente lo contrario, los datos solicitados en nuestros formularios son necesarios para poder dar rienda suelta a su solicitud.<br\/>En todo caso, en el correspondiente formulario online de recogida de datos personales del USUARIO se incluir\u00e1 un enlace al correspondiente aviso de privacidad que ser\u00e1 aplicable al tratamiento de los datos personales proporcionados. La aceptaci\u00f3n expresa por el USUARIO del correspondiente aviso de privacidad ser\u00e1 necesaria para que se tenga por cumplimentado el formulario y poder completar el proceso de env\u00edo. El contenido de esta pol\u00edtica de privacidad podr\u00e1 ser objeto de modificaci\u00f3n para adaptarlo a cambios legislativos que pudieran producirse, as\u00ed como a criterios y posiciones emitidas por las Autoridades de Protecci\u00f3n de Datos competentes.  <\/p>\n\n<p>4.4. Si un USUARIO facilitara datos personales de otras personas f\u00edsicas, se obliga a cumplir, en relaci\u00f3n con estos datos, cu\u00e1ntas obligaciones deriven de la normativa de protecci\u00f3n de datos en vigor, y en particular el deber de informar y obtener el consentimiento del titular de los datos personales.  <\/p>\n\n<p>4.5.No se permite que los menores de 13 a\u00f1os faciliten sus datos personales a trav\u00e9s del Sitio web, siendo necesaria la previa autorizaci\u00f3n expresa de sus padres o tutores. En cualquier caso, este Sitio Web no se dirige a menores de edad.<\/p>\n\n<p>5. <strong>Propiedad intelectual e industrial<\/strong><br\/>5.1. Todos los elementos del Portal (incluidos, sin car\u00e1cter limitativo, c\u00f3digos fuente, bases de datos, dise\u00f1o, im\u00e1genes, fotograf\u00edas, dibujos, gr\u00e1ficos, animaciones, aplicativos, motores de b\u00fasqueda, p\u00e1ginas, logotipos, marcas y nombres comerciales) son propiedad de &#8216; <strong>AVP<\/strong> o han sido cedidos al mismo (a menos que no se indique expresamente). Por tanto, los derechos de autor\u00eda y explotaci\u00f3n en toda su extensi\u00f3n y modalidades se encuentran protegidos por las normas nacionales e internacionales de propiedad intelectual e industrial, cuya infracci\u00f3n constituye una actividad il\u00edcita y delictiva.<\/p>\n\n<p>5.2. En ning\u00fan caso se entender\u00e1 que el acceso y navegaci\u00f3n del USUARIO en el Sitio Web implica una renuncia, transmisi\u00f3n, licencia o cesi\u00f3n total o parcial de estos derechos por parte del<strong>AVP<\/strong>, aunque confiere al USUARIO ning\u00fan derecho de utilizaci\u00f3n, traducci\u00f3n, adaptaci\u00f3n, alteraci\u00f3n, explotaci\u00f3n, reproducci\u00f3n, distribuci\u00f3n o comunicaci\u00f3n p\u00fablica, con fines comerciales, de estos contenidos, sin la previa y expresa autorizaci\u00f3n del<strong>AVP<\/strong>  o del titular de los derechos afectados. El incumplimiento de lo anterior facultar\u00e1 a la <strong>AVP<\/strong> oa los titulares de los correspondientes derechos para interponer las acciones legales pertinentes.<\/p>\n\n<p>5.3.La distribuci\u00f3n, modificaci\u00f3n, cesi\u00f3n o comunicaci\u00f3n p\u00fablica de los contenidos y cualquier otro acto que no haya sido expresamente autorizado por el titular de los derechos de explotaci\u00f3n, quedan prohibidos.<\/p>\n\n<p>5.4. Se autoriza la reproducci\u00f3n (impresi\u00f3n y descarga) de extractos de los contenidos del Portal o sitio web \u00fanicamente cuando se realicen para uso personal o privado, oa nivel de investigaci\u00f3n o estudio, citando siempre la fuente de obtenci\u00f3n.<\/p>\n\n<p>6. <strong>Marcas registradas<\/strong><br\/>Todas las marcas, logotipos y anagramas mostrados en este sitio son propiedad de la AVP, o de terceras empresas\/instituciones. Queda expresamente prohibida la utilizaci\u00f3n, sin previo consentimiento, de cualquier elemento de esta p\u00e1gina web que sea objeto de protecci\u00f3n con arreglo a la legislaci\u00f3n vigente relativa a propiedad industrial. En especial, no podr\u00e1n utilizarse marcas, nombres comerciales, r\u00f3tulos de establecimientos, denominaciones, logotipos, esl\u00f3ganes o cualquier tipo de signo distintivo perteneciente al Titular.<\/p>\n\n<p>7. <strong>Exclusi\u00f3n de garant\u00edas y responsabilidad<\/strong><br\/>7.1. El contenido de este Sitio Web tiene finalidad informativa y de creaci\u00f3n de un canal de comunicaci\u00f3n con los USUARIOS, sin que sus contenidos puedan considerarse como asesoramiento exhaustivo sobre cualesquiera materias. La AVP no garantiza plenamente el acceso a todos los contenidos, ni su exhaustividad, correcci\u00f3n, vigencia o actualidad, ni su idoneidad o utilidad para un objetivo espec\u00edfico. La AVP excluye, hasta donde permita la ley, cualquier responsabilidad por los da\u00f1os y perjuicios de toda naturaleza derivados de, a t\u00edtulo enunciativo y no limitativo: errores u omisiones en los contenidos, falta de disponibilidad del Sitio Web, o la transmisi\u00f3n de virus o programas maliciosos o lesivos en los contenidos. Sin embargo, la AVP declara que ha adoptado todas las medidas necesarias, dentro de sus posibilidades y del estado de la tecnolog\u00eda, para garantizar el funcionamiento del Sitio Web y evitar la existencia y transmisi\u00f3n de virus y otros componentes nocivos a los USUARIOS.<\/p>\n\n<p>7.2. La <strong>AVP<\/strong> no se hace responsable por la utilizaci\u00f3n que el USUARIO realice de los servicios y contenidos del Sitio Web. El USUARIO reconoce y acepta que la utilizaci\u00f3n del Sitio Web, as\u00ed como de sus servicios y contenidos, se realiza bajo su exclusivo riesgo y responsabilidad.<\/p>\n\n<p>7.3. El USUARIO ser\u00e1 el \u00fanico responsable de las aportaciones y comentarios que realice en este Sitio web, reserv\u00e1ndose la <strong>AVP<\/strong> el derecho a retirar del mismo aquellos que, a su criterio, considere no apropiados y no haci\u00e9ndonos responsables de los comentarios realizados por los USUARIOS.<\/p>\n\n<p>8. <strong>Enlaces<\/strong><br\/>8.1. En caso de que en el Sitio Web se dispusieran enlaces o enlaces hacia otros sitios de Internet, la <strong>AVP<\/strong> no ejercer\u00e1 ning\u00fan control sobre estos sitios y contenidos. En ning\u00fan caso la <strong>AVP<\/strong> asumir\u00e1 responsabilidad alguna por los contenidos de los sitios web ajenos enlazados, ni garantizar\u00e1 la disponibilidad t\u00e9cnica, calidad, fiabilidad, exactitud, amplitud, veracidad, legalidad o validez de cualquier material o informaci\u00f3n contenida en ninguno de estos enlaces u otros sitios de Internet. En este sentido, si los USUARIOS tuvieran conocimiento efectivo de la ilicitud de actividades desarrolladas a trav\u00e9s de estas p\u00e1ginas web de terceros enlazadas, deber\u00e1n comunicarlo inmediatamente a la <strong>AVP<\/strong> a efectos de que se proceda a deshabilitar el enlace de acceso a las mismas.<\/p>\n\n<p>8.2. Igualmente, la inclusi\u00f3n de cualquier tipo de enlace por parte de la <strong>AVP<\/strong> en otros sitios de Internet no implica que exista ning\u00fan tipo de relaci\u00f3n, asociaci\u00f3n, colaboraci\u00f3n o dependencia entre la <strong>AVP<\/strong> y el titular del sitio web ajeno.<\/p>\n\n<p>9. <strong>Derecho de exclusi\u00f3n<\/strong><br\/><strong>La AVP<\/strong> se reserva el derecho a denegar o retirar el acceso a este Sitio Web y\/oa los contenidos y servicios ofrecidos en \u00e9ste, sin necesidad de preaviso, a aquellos USUARIOS que incumplan las presentes condiciones generales de uso o las particulares que pudieran establecerse.<\/p>\n\n<p><strong>10. Generalidades<\/strong><br\/>10.1 En caso de existir discrepancia entre lo que se establece en estas condiciones generales de uso y las condiciones particulares de cada servicio espec\u00edfico, prevalecer\u00e1 lo que se dispone en estas \u00faltimas.<br\/>10.2. Si cualquier disposici\u00f3n o contenido de este Aviso Legal fuese declarado nulo o inaplicable, en todo o en parte, mediante resoluci\u00f3n firme por un Juzgado o Tribunal competente, esta nulidad o inaplicaci\u00f3n no afectar\u00e1 a las restantes disposiciones de las condiciones de uso, que conservar\u00e1n su validez a todos los efectos.<br\/>10.3. El no ejercicio o ejecuci\u00f3n por parte de la <strong>AVP<\/strong> de cualquier derecho o disposici\u00f3n contenida en estas condiciones de uso no constituir\u00e1 una renuncia al mismo, salvo reconocimiento y acuerdo del mismo por escrito.<br\/>10.4. La <strong>AVP<\/strong> podr\u00e1 modificar en todo o en parte y en cualquier momento las condiciones aqu\u00ed determinadas, y estas modificaciones tendr\u00e1n vigencia desde el mismo momento de su publicaci\u00f3n en este sitio web.  <\/p>\n\n<p>11. <strong>Redes sociales.<\/strong><br\/><\/p>\n\n<p><strong>La AVP<\/strong> puede estar presente, actualmente o en el futuro, en redes sociales de Internet, donde considere oportuno establecer presencia.<\/p>\n\n<p>Estos espacios se considerar\u00e1n oficiales, no asumiendo responsabilidad por el uso o contenidos dispuestos en cualesquiera otras cuentas o espacios abiertos en las redes sociales por parte de terceros. La <strong>AVP<\/strong> tampoco asumir\u00e1 responsabilidad del uso o contenidos dispuestos a trav\u00e9s de cuentas o espacios abiertos por parte de sus miembros, creado de forma particular en el \u00e1mbito privado oa trav\u00e9s de una persona jur\u00eddica u otro colectivo al que pertenecieran.  <\/p>\n\n<p><strong>La AVP,<\/strong> como administrador de sus instancias propias en estas redes, podr\u00e1 decidir la no publicaci\u00f3n y\/o borrado de cualquier contenido publicado en las mismas.<\/p>\n\n<p>En cualquier caso, el Usuario es el \u00fanico responsable de los contenidos que, en su caso, publique en estas redes sociales del<strong>AVP<\/strong>, siendo plenamente aplicable a las redes sociales las condiciones y t\u00e9rminos generales de uso del Portal antes expuestas; y sin perjuicio de aplicar las condiciones y t\u00e9rminos o pol\u00edticas, establecidos por la propia red social.  <\/p>\n\n<p>Adem\u00e1s, informamos que el sitio web integra, en su caso, <em>plugins<\/em> o complementos de redes sociales, respecto a los cuales deber\u00e1 tener en cuenta lo siguiente:<\/p>\n\n<p>-Si est\u00e1 registrado como usuario en la red social (Facebook, Twitter) y al visitar este sitio web tiene la sesi\u00f3n abierta en cualquiera de estas redes sociales, al hacer \u201cclic\u201d en sus <em>plugins<\/em> , la red social recibir\u00e1 la informaci\u00f3n que le indica y que ha visitado el Sitio. Adem\u00e1s proporcionar\u00e1 informaci\u00f3n sobre su perfil de usuario de esta red social (nombre, email, foto, etc.).<\/p>\n\n<p>-Si no est\u00e1 registrado en la red social, o no tienen la sesi\u00f3n abierta mientras visita el sitio web puede que la red social reciba y almacene al menos su direcci\u00f3n IP.<\/p>\n\n<p>Si no desea que una red social recopile los datos personales, ni que los comparta con nosotros ni con terceros, consulte la pol\u00edtica de privacidad de la red social correspondiente y cierre sesi\u00f3n en la misma antes de visitar este sitio web. Tambi\u00e9n podr\u00e1 eliminar las cookies existentes que haya instalado la red social en su ordenador usando las funciones de su navegador.<\/p>\n\n<p>12.  <strong><strong>Ley aplicable y jurisdicci\u00f3n<\/strong><\/strong><\/p>\n\n<p>Las relaciones establecidas entre, como titular de este Sitio Web, y el USUARIO, se regir\u00e1n por lo dispuesto en la normativa vigente relativa a la legislaci\u00f3n aplicable y la jurisdicci\u00f3n competente. No obstante, para los casos en que la normativa prevea la posibilidad de que las partes se sometan a un fuero, la <strong>AVP<\/strong> y el USUARIO, con renuncia expresa a cualquier otro fuero que pudiera corresponderles, se someten a los Juzgados y Tribunales de la ciudad de <strong>Manresa<\/strong> .<\/p>\n\n<p><br\/><\/p>\n\n<p><br\/><br\/><br\/><br\/><\/p>\n","protected":false},"excerpt":{"rendered":"<p>\u00daltima Actualizaci\u00f3n: 1 de Julio de 2021 1. Informaci\u00f3n legal 1.1. En cumplimiento del deber de informaci\u00f3n establecido en el art\u00edculo 10 de la Ley 34\/2002, de Servicios de la Sociedad de la Informaci\u00f3n y de Comercio Electr\u00f3nico, le comunicamos que el titular del sitio web https:\/\/www.visitpedraforca.com \/ es la Asociaci\u00f3n para la Promoci\u00f3n y [&hellip;]<\/p>\n","protected":false},"author":1,"featured_media":0,"parent":0,"menu_order":0,"comment_status":"closed","ping_status":"closed","template":"","meta":{"footnotes":""},"class_list":["post-6615","page","type-page","status-publish","hentry"],"acf":[],"yoast_head":"<!-- This site is optimized with the Yoast SEO plugin v21.6 - https:\/\/yoast.com\/wordpress\/plugins\/seo\/ -->\n<title>Aviso legal - Visit Pedraforca<\/title>\n<meta name=\"robots\" content=\"noindex, follow, max-snippet:-1, max-image-preview:large, max-video-preview:-1\" \/>\n<meta property=\"og:locale\" content=\"es_ES\" \/>\n<meta property=\"og:type\" content=\"article\" \/>\n<meta property=\"og:title\" content=\"Aviso legal - Visit Pedraforca\" \/>\n<meta property=\"og:description\" content=\"\u00daltima Actualizaci\u00f3n: 1 de Julio de 2021 1. Informaci\u00f3n legal 1.1. En cumplimiento del deber de informaci\u00f3n establecido en el art\u00edculo 10 de la Ley 34\/2002, de Servicios de la Sociedad de la Informaci\u00f3n y de Comercio Electr\u00f3nico, le comunicamos que el titular del sitio web https:\/\/www.visitpedraforca.com \/ es la Asociaci\u00f3n para la Promoci\u00f3n y [&hellip;]\" \/>\n<meta property=\"og:url\" content=\"https:\/\/visitpedraforca.6tems.es\/es\/aviso-legal\/\" \/>\n<meta property=\"og:site_name\" content=\"Visit Pedraforca\" \/>\n<meta property=\"article:modified_time\" content=\"2023-11-29T08:23:17+00:00\" \/>\n<meta name=\"twitter:card\" content=\"summary_large_image\" \/>\n<meta name=\"twitter:label1\" content=\"Tiempo de lectura\" \/>\n\t<meta name=\"twitter:data1\" content=\"14 minutos\" \/>\n<script type=\"application\/ld+json\" class=\"yoast-schema-graph\">{\"@context\":\"https:\/\/schema.org\",\"@graph\":[{\"@type\":\"WebPage\",\"@id\":\"https:\/\/visitpedraforca.6tems.es\/es\/aviso-legal\/\",\"url\":\"https:\/\/visitpedraforca.6tems.es\/es\/aviso-legal\/\",\"name\":\"Aviso legal - Visit Pedraforca\",\"isPartOf\":{\"@id\":\"https:\/\/visitpedraforca.6tems.es\/#website\"},\"datePublished\":\"2023-11-27T15:08:06+00:00\",\"dateModified\":\"2023-11-29T08:23:17+00:00\",\"breadcrumb\":{\"@id\":\"https:\/\/visitpedraforca.6tems.es\/es\/aviso-legal\/#breadcrumb\"},\"inLanguage\":\"es\",\"potentialAction\":[{\"@type\":\"ReadAction\",\"target\":[\"https:\/\/visitpedraforca.6tems.es\/es\/aviso-legal\/\"]}]},{\"@type\":\"BreadcrumbList\",\"@id\":\"https:\/\/visitpedraforca.6tems.es\/es\/aviso-legal\/#breadcrumb\",\"itemListElement\":[{\"@type\":\"ListItem\",\"position\":1,\"name\":\"Inici\",\"item\":\"https:\/\/visitpedraforca.6tems.es\/es\/\"},{\"@type\":\"ListItem\",\"position\":2,\"name\":\"Aviso legal\"}]},{\"@type\":\"WebSite\",\"@id\":\"https:\/\/visitpedraforca.6tems.es\/#website\",\"url\":\"https:\/\/visitpedraforca.6tems.es\/\",\"name\":\"Visit Pedraforca\",\"description\":\"\",\"potentialAction\":[{\"@type\":\"SearchAction\",\"target\":{\"@type\":\"EntryPoint\",\"urlTemplate\":\"https:\/\/visitpedraforca.6tems.es\/?s={search_term_string}\"},\"query-input\":\"required name=search_term_string\"}],\"inLanguage\":\"es\"}]}<\/script>\n<!-- \/ Yoast SEO plugin. -->","yoast_head_json":{"title":"Aviso legal - Visit Pedraforca","robots":{"index":"noindex","follow":"follow","max-snippet":"max-snippet:-1","max-image-preview":"max-image-preview:large","max-video-preview":"max-video-preview:-1"},"og_locale":"es_ES","og_type":"article","og_title":"Aviso legal - Visit Pedraforca","og_description":"\u00daltima Actualizaci\u00f3n: 1 de Julio de 2021 1. Informaci\u00f3n legal 1.1. En cumplimiento del deber de informaci\u00f3n establecido en el art\u00edculo 10 de la Ley 34\/2002, de Servicios de la Sociedad de la Informaci\u00f3n y de Comercio Electr\u00f3nico, le comunicamos que el titular del sitio web https:\/\/www.visitpedraforca.com \/ es la Asociaci\u00f3n para la Promoci\u00f3n y [&hellip;]","og_url":"https:\/\/visitpedraforca.6tems.es\/es\/aviso-legal\/","og_site_name":"Visit Pedraforca","article_modified_time":"2023-11-29T08:23:17+00:00","twitter_card":"summary_large_image","twitter_misc":{"Tiempo de lectura":"14 minutos"},"schema":{"@context":"https:\/\/schema.org","@graph":[{"@type":"WebPage","@id":"https:\/\/visitpedraforca.6tems.es\/es\/aviso-legal\/","url":"https:\/\/visitpedraforca.6tems.es\/es\/aviso-legal\/","name":"Aviso legal - Visit Pedraforca","isPartOf":{"@id":"https:\/\/visitpedraforca.6tems.es\/#website"},"datePublished":"2023-11-27T15:08:06+00:00","dateModified":"2023-11-29T08:23:17+00:00","breadcrumb":{"@id":"https:\/\/visitpedraforca.6tems.es\/es\/aviso-legal\/#breadcrumb"},"inLanguage":"es","potentialAction":[{"@type":"ReadAction","target":["https:\/\/visitpedraforca.6tems.es\/es\/aviso-legal\/"]}]},{"@type":"BreadcrumbList","@id":"https:\/\/visitpedraforca.6tems.es\/es\/aviso-legal\/#breadcrumb","itemListElement":[{"@type":"ListItem","position":1,"name":"Inici","item":"https:\/\/visitpedraforca.6tems.es\/es\/"},{"@type":"ListItem","position":2,"name":"Aviso legal"}]},{"@type":"WebSite","@id":"https:\/\/visitpedraforca.6tems.es\/#website","url":"https:\/\/visitpedraforca.6tems.es\/","name":"Visit Pedraforca","description":"","potentialAction":[{"@type":"SearchAction","target":{"@type":"EntryPoint","urlTemplate":"https:\/\/visitpedraforca.6tems.es\/?s={search_term_string}"},"query-input":"required name=search_term_string"}],"inLanguage":"es"}]}},"_links":{"self":[{"href":"https:\/\/visitpedraforca.6tems.es\/es\/wp-json\/wp\/v2\/pages\/6615","targetHints":{"allow":["GET"]}}],"collection":[{"href":"https:\/\/visitpedraforca.6tems.es\/es\/wp-json\/wp\/v2\/pages"}],"about":[{"href":"https:\/\/visitpedraforca.6tems.es\/es\/wp-json\/wp\/v2\/types\/page"}],"author":[{"embeddable":true,"href":"https:\/\/visitpedraforca.6tems.es\/es\/wp-json\/wp\/v2\/users\/1"}],"replies":[{"embeddable":true,"href":"https:\/\/visitpedraforca.6tems.es\/es\/wp-json\/wp\/v2\/comments?post=6615"}],"version-history":[{"count":2,"href":"https:\/\/visitpedraforca.6tems.es\/es\/wp-json\/wp\/v2\/pages\/6615\/revisions"}],"predecessor-version":[{"id":6734,"href":"https:\/\/visitpedraforca.6tems.es\/es\/wp-json\/wp\/v2\/pages\/6615\/revisions\/6734"}],"wp:attachment":[{"href":"https:\/\/visitpedraforca.6tems.es\/es\/wp-json\/wp\/v2\/media?parent=6615"}],"curies":[{"name":"wp","href":"https:\/\/api.w.org\/{rel}","templated":true}]}}