














{"id":6583,"date":"2023-11-27T16:52:44","date_gmt":"2023-11-27T14:52:44","guid":{"rendered":"https:\/\/visitpedraforca.6tems.es\/politica-de-cookies\/"},"modified":"2023-11-29T10:23:15","modified_gmt":"2023-11-29T08:23:15","slug":"politica-de-cookies","status":"publish","type":"page","link":"https:\/\/visitpedraforca.6tems.es\/es\/politica-de-cookies\/","title":{"rendered":"Pol\u00edtica de cookies"},"content":{"rendered":"\n\n\n\n<!-- block: visor-principal -->\n\n            \r\n\r\n<!-- inner banner starts -->\r\n<section class=\"inner-banner\">\r\n            <img decoding=\"async\" src=\"https:\/\/visitpedraforca.6tems.es\/wp-content\/uploads\/2023\/11\/shutterstock_552254821-scaled.jpg\" alt=\"\">\r\n        <div class=\"row\">\r\n        <div class=\"inr-ban-cnt\">\r\n                            <h1>Pol\u00edtica de cookies<\/h1>\r\n                    <\/div>\r\n    <\/div>\r\n<\/section>\r\n<!-- inner banner ends -->\r\n\r\n<!-- breadcrum starts -->\r\n        <section class=\"breadcrum \">\r\n        <div class=\"row\">\r\n            <ul>\r\n                                    <li><a href=\"https:\/\/visitpedraforca.6tems.es\/es\/\">Inicio<\/a><\/li>\r\n                                    <li><a href=\"https:\/\/visitpedraforca.6tems.es\/es\/politica-de-cookies\/\">Pol\u00edtica de cookies<\/a><\/li>\r\n                            <\/ul>\r\n        <\/div>\r\n    <\/section>\r\n<!-- breadcrum ends -->\r\n\r\n\r\n\r\n<!-- description starts -->\r\n<!-- description ends -->        \n<!-- end block: visor-principal -->\n<p><strong>\u00daltima Actualizaci\u00f3n: 1 de Julio de 2021<\/strong><\/p>\n\n<p><strong>La Asociaci\u00f3n para la Promoci\u00f3n y Dinamizaci\u00f3n Tur\u00edstica de los Valles del Pedraforca<\/strong> (en adelante, <strong>AVP<\/strong> ) est\u00e1 especialmente sensibilizada en la protecci\u00f3n de datos de car\u00e1cter personal de los usuarios de los servicios del sitio web. Mediante la presente Pol\u00edtica de Cookies, la <strong>AVP<\/strong> informa a los usuarios del sitio web: <a href=\"https:\/\/www.visitpedraforca.com\/\">https:\/\/www.visitpedraforca.com\/<\/a> , de los usos a los que se someten los datos de car\u00e1cter personal que se recaban en el sitio web, con el fin que decidan, libre y voluntariamente, si desean facilitar la informaci\u00f3n solicitada.<\/p>\n\n<p>Este sitio web, al igual que la mayor\u00eda de los sitios en Internet, utiliza Cookies para mejorar y optimizar la experiencia del usuario.<\/p>\n\n<p>1. <strong>Definici\u00f3n y funci\u00f3n de las cookies<\/strong><\/p>\n\n<p>Las Cookies son archivos que los sitios web o aplicaciones instalan en el navegador o en el dispositivo (smartphone, tablet o smart TV) del usuario durante su recorrido por las p\u00e1ginas del sitio o por la aplicaci\u00f3n, y sirven para almacenar informaci\u00f3n sobre su visita.<br\/>Como la mayor\u00eda de los sitios en internet, este sitio web utiliza Cookies para, por ejemplo:<\/p>\n\n<p>-Asegurar que las p\u00e1ginas web pueden funcionar correctamente.<br\/>-Almacenar las preferencias, como el idioma que ha seleccionado o el tama\u00f1o de letra.<br\/>-Conocer la experiencia de navegaci\u00f3n del usuario.<br\/>-Recopilar informaci\u00f3n estad\u00edstica an\u00f3nima, como qu\u00e9 p\u00e1ginas ha visitado el usuario o cu\u00e1nto tiempo ha estado en el sitio web.<\/p>\n\n<p>El uso de Cookies permite optimizar la navegaci\u00f3n, adaptando la informaci\u00f3n y los servicios ofrecidos a los intereses del usuario, para proporcionarle una mejor experiencia siempre que visite el sitio web.<\/p>\n\n<p>Este sitio web utiliza Cookies para funcionar, adaptar y facilitar al m\u00e1ximo la navegaci\u00f3n del usuario.<\/p>\n\n<p>2. <strong>Tipo de cookies<\/strong><\/p>\n\n<p>En funci\u00f3n del propietario de la cookie:<\/p>\n\n<p><strong>-Cookies propias:<\/strong> Son aquellas que se env\u00edan al equipo terminal del usuario desde un equipo o dominio gestionado por el propio editor y desde el que se presta el servicio solicitado por el usuario.<br\/>&#8211; <strong>Cookies de tercero:<\/strong> Son aquellas que se env\u00edan al equipo terminal del usuario desde un equipo o dominio que no es gestionado por el editor, sino por otra entidad que trata los datos obtenidos a trav\u00e9s de las cookies .<\/p>\n\n<p>En funci\u00f3n de la duraci\u00f3n de la cookie:<\/p>\n\n<p>&#8211; <strong>Cookies de sesi\u00f3n:<\/strong> Son un tipo de cookies dise\u00f1adas para recabar y almacenar datos mientras el usuario accede a una p\u00e1gina web. Expiran cu\u00e1ndo se cumple el objetivo para el que sirven (por ejemplo, para que el usuario se mantenga identificado en el sitio web) o bien cuando se borran manualmente.<br\/>&#8211; <strong>Cookies persistentes:<\/strong> Son un tipo de cookies en el que los datos siguen almacenados en el terminal y pueden ser accedidos y tratados durante un per\u00edodo definido por el responsable de la cookie, y que puede ir de unos minutos a varios a\u00f1os.<\/p>\n\n<p>En funci\u00f3n de la finalidad de la cookie:<\/p>\n\n<p>&#8211; <strong>Cookies de an\u00e1lisis o medida<\/strong> : son aquellas que permiten al responsable de las mismas el seguimiento y an\u00e1lisis del comportamiento de los usuarios de los sitios web a los que est\u00e1n vinculadas, incluida la cuantificaci\u00f3n de los impactos de los anuncios. Permiten cuantificar el n\u00famero de usuarios y as\u00ed realizar la medici\u00f3n y an\u00e1lisis estad\u00edstico de la utilizaci\u00f3n que realizan los usuarios del servicio ofrecido. Para ello se analiza su navegaci\u00f3n en nuestra p\u00e1gina web con el fin de mejorar la oferta de productos o servicios que le ofrecemos.<\/p>\n\n<p>La informaci\u00f3n recogida mediante este tipo de cookies se utiliza en la medici\u00f3n de la actividad de los sitios web con el fin de introducir mejoras en funci\u00f3n del an\u00e1lisis de los datos de uso que realizan los usuarios del servicio.<\/p>\n\n<p>&#8211; <strong>Cookies publicitarias:<\/strong> Son aquellas que permiten la gesti\u00f3n, de la forma m\u00e1s eficaz posible, de los espacios publicitarios que, en su caso, el editor haya incluido en una p\u00e1gina web, aplicaci\u00f3n o plataforma desde la que presta el servicio solicitado sobre la base criterios como el contenido editado o la frecuencia en la que se muestran los anuncios.<br\/>&#8211; <strong>Cookies de publicidad comportamental:<\/strong> Son aquellas que permiten la gesti\u00f3n, de la forma m\u00e1s eficaz posible, de los espacios publicitarios que, en su caso, el editor haya incluido en una p\u00e1gina web, aplicaci\u00f3n o plataforma desde la que presta el servicio solicitado. Estas cookies almacenan informaci\u00f3n del comportamiento de los usuarios obtenida a trav\u00e9s de la continua observaci\u00f3n de sus h\u00e1bitos de navegaci\u00f3n, lo que permite desarrollar un perfil espec\u00edfico para mostrar publicidad en funci\u00f3n del mismo. Asimismo es posible que al visitar alguna p\u00e1gina web o al abrir alg\u00fan email donde se publique alg\u00fan anuncio o promoci\u00f3n sobre nuestros productos o servicios se instale en tu navegador alguna cookie que nos sirve para mostrarte posteriormente publicidad relacionada con la b\u00fasqueda que hayas realizado, desarrollar un control de nuestros anuncios en relaci\u00f3n, por ejemplo, con el n\u00famero de veces que son vistos, d\u00f3nde aparecen, a qu\u00e9 hora se ven, etc.<br\/>&#8211; <strong>Cookies t\u00e9cnicas o estrictamente necesarias<\/strong>: Son aquellas que permiten al usuario la navegaci\u00f3n a trav\u00e9s de una p\u00e1gina web, plataforma o aplicaci\u00f3n y la utilizaci\u00f3n de las diferentes opciones o servicios que en ella existan como, por ejemplo, controlar el tr\u00e1fico y la comunicaci\u00f3n de datos, identificar la sesi\u00f3n, acceder a partes de acceso restringido, recordar los elementos que integran un pedido, realizar el proceso de compra de un pedido, realizar la solicitud de inscripci\u00f3n o participaci\u00f3n en un evento, utilizar elementos de seguridad durante la navegaci\u00f3n , almacenar contenidos para la difusi\u00f3n de v\u00eddeos o sonido o compartir contenidos a trav\u00e9s de redes sociales.<br\/>&#8211; <strong>Cookies de preferencias o personalizaci\u00f3n<\/strong>: Son aquellas que permiten al usuario acceder al servicio con algunas caracter\u00edsticas de car\u00e1cter general predefinidas en funci\u00f3n de una serie de criterios en el terminal del usuario como por ejemplo ser\u00edan el idioma, el tipo de navegador a trav\u00e9s del cual accede al servicio, la configuraci\u00f3n regional desde donde accede al servicio, etc.<\/p>\n\n<p><\/p>\n\n<p><strong>III. Cookies utilizadas en la P\u00e1gina web de AVP<\/strong><\/p>\n\n<p><\/p>\n\n<p>1. <strong>Consentimiento informado<\/strong><\/p>\n\n<p>La utilizaci\u00f3n de la presente p\u00e1gina Web por su parte, implica que  <strong>Usted presta su consentimiento expreso e inequ\u00edvoco a la utilizaci\u00f3n de cookies, en los t\u00e9rminos y condiciones previstos en esta Pol\u00edtica de Cookies<\/strong>, sin perjuicio de las medidas de desactivaci\u00f3n y eliminaci\u00f3n de las cookies que Usted pueda adoptar, y que se mencionan en el siguiente apartado.<\/p>\n\n<p><strong>Revocaci\u00f3n y eliminaci\u00f3n de cookies<\/strong><\/p>\n\n<p>Puede <strong>permitir, bloquear o eliminar<\/strong> las cookies instaladas en su equipo mediante la configuraci\u00f3n de las opciones del navegador instalado en su ordenador. En caso de que no permitiera la instalaci\u00f3n de cookies en su navegador, puede que no pueda acceder a alguna de las funcionalidades de nuestras webs.<\/p>\n\n<p>Todos los navegadores modernos permiten cambiar la configuraci\u00f3n de Cookies. Estos ajustes normalmente se encuentran en las Opciones o Preferencias del men\u00fa del navegador.<\/p>\n\n<p>Para m\u00e1s informaci\u00f3n sobre c\u00f3mo bloquear o deshabilitar el uso de las cookies puedes visitar los siguientes enlaces:<\/p>\n\n<p>&#8211; <strong>GoogleChrome<\/strong> :http:\/\/support.google.com\/chrome\/bin\/answer.py?hl=es&amp;answer=95647<\/p>\n\n<p>Configuraci\u00f3n -&gt; Mostrar opciones avanzadas -&gt; Privacidad -&gt; Configuraci\u00f3n de contenido.  <\/p>\n\n<p>En el men\u00fa de configuraci\u00f3n, selecciona &#8216;mostrar configuraci\u00f3n avanzada&#8217; en la parte inferior de la p\u00e1gina. Selecciona la tecla de &#8216;configuraci\u00f3n de contenido&#8217; en la secci\u00f3n de privacidad<\/p>\n\n<p>La secci\u00f3n de la parte superior de la p\u00e1gina que aparece le da informaci\u00f3n sobre las cookies y te permite fijar las cookies que quieres. Tambi\u00e9n te permite borrar cualquier cookie que tengas almacenada en ese momento.<\/p>\n\n<p>Para m\u00e1s informaci\u00f3n, puede consultar el soporte de <a href=\"https:\/\/support.google.com\/chrome\/answer\/95647?hl=es&amp;ref_topic=3421433\">Google<\/a> o la Ayuda del navegador.<\/p>\n\n<p>&#8211; <strong>InternetExplorer<\/strong> : <a href=\"https:\/\/support.microsoft.com\/es-es\/help\/17442\/windows-internet-explorer-delete-manage-cookies\">https:\/\/support.microsoft.com\/es-es\/help\/17442\/windows-internet-explorer-delete-manage-cookies<\/a><\/p>\n\n<p>Herramientas -&gt; Opciones de Internet -&gt; Privacidad -&gt; Configuraci\u00f3n.  <\/p>\n\n<p>En el men\u00fa de herramientas, selecciona &#8216;Opciones de Internet&#8217;. Haz clic en la pesta\u00f1a de privacidad. Ver\u00e1s un cursor de desplazamiento para configurar la privacidad que tiene seis posiciones que te permiten controlar la cantidad de cookies que se van a instalar: Bloquear todas las cookies, Alta, Media Alto, Media (nivel por defecto), Baja, y Aceptar todas las cookies.<\/p>\n\n<p>&#8211; <strong>MozillaFirefox<\/strong> : <a href=\"http:\/\/support.mozilla.org\/es\/kb\/habilitar-y-deshabilitar-cookies-que-los-sitios-we\">http:\/\/support.mozilla.org\/es\/kb\/habilitar-y-deshabilitar-cookies-que-los-sitios-we<\/a><\/p>\n\n<p>Herramientas -&gt; Opciones -&gt; Privacidad -&gt; Historial -&gt; Configuraci\u00f3n Personalizada.  <\/p>\n\n<p>En el men\u00fa de herramientas, selecciona &#8216;opciones&#8217;. Selecciona la etiqueta de privacidad en el recuadro de opciones. Del men\u00fa desplegable elige &#8216;usar configuraci\u00f3n personalizada para el historial&#8217;. Esto mostrar\u00e1 las opciones de cookies y podr\u00e1s optar por activarlas o desactivarlas marcando la casilla correspondiente.<\/p>\n\n<p>Para m\u00e1s informaci\u00f3n, puede consultar el soporte de <a href=\"https:\/\/support.mozilla.org\/es\/products\/firefox\/privacy-and-security\">Mozilla<\/a> o la Ayuda del navegador.<\/p>\n\n<p>&#8211; <strong>AppleSafari<\/strong> : <a href=\"https:\/\/support.apple.com\/es-es\/guide\/safari\/sfri11471\/mac\">https:\/\/support.apple.com\/es-es\/guide\/safari\/sfri11471\/mac<\/a><\/p>\n\n<p>Preferencias -&gt; Seguridad.  <\/p>\n\n<p>En el men\u00fa de configuraci\u00f3n, selecciona la opci\u00f3n de &#8216;preferencias&#8217;. Abre la pesta\u00f1a de privacidad. Selecciona la opci\u00f3n que desee de la secci\u00f3n de &#8216;bloquear cookies&#8217;. Recuerde que ciertas funciones y la plena funcionalidad de este Sitio pueden no estar disponibles despu\u00e9s de deshabilitar las cookies.<\/p>\n\n<p>Para m\u00e1s informaci\u00f3n, puede consultar el soporte de <a href=\"http:\/\/www.apple.com\/es\/support\/safari\/\">Apple<\/a> o la Ayuda del navegador.<\/p>\n\n<p>Existen otras herramientas de terceros, disponibles on-line, que permiten a los usuarios detectar las Cookies en cada sitio web que visita y gestionar su desactivaci\u00f3n: Por ejemplo, Ghostery: ( <a href=\"https:\/\/www.ghostery.com\/\">https:\/\/www.ghostery.com<\/a> ).<\/p>\n\n<p>2. <strong>\u00bfQu\u00e9 ocurre al deshabilitar las Cookies?<\/strong><\/p>\n\n<p>algunas funcionalidades y servicios pueden quedar deshabilitados o tener un comportamiento diferente al esperado como, por ejemplo, permanecer identificado, mantener las compras en el \u201ccesto de la compra\u201d en un servicio de comercio electr\u00f3nico o recibir informaci\u00f3n dirigida a su localizaci\u00f3n, entre otros.<\/p>\n\n<p>Si deshabilita el uso de Cookies en este sitio web es probable que deje de poder acceder a ciertas zonas del mismo o que se degrade notablemente la experiencia de navegaci\u00f3n en el mismo.<\/p>\n\n<p>3. <strong>Actualizaciones y cambios en la Pol\u00edtica de Cookies:<\/strong><\/p>\n\n<p><strong>La AVP<\/strong> puede modificar esta Pol\u00edtica de Cookies en funci\u00f3n de exigencias legislativas, reglamentarias, o con el fin de adaptar esta pol\u00edtica a las instrucciones dictadas por La Agencia Espa\u00f1ola de Protecci\u00f3n de Datos y la Autoridad Catalana de Protecci\u00f3n de Datos, por esto se aconseja a los Usuarios que la visiten peri\u00f3dicamente.<\/p>\n\n<p>Cuando se produzcan cambios significativos en esta Pol\u00edtica de Cookies, se comunicar\u00e1n a los Usuarios bien mediante la web oa trav\u00e9s de correo electr\u00f3nico a los Usuarios registrados.<\/p>\n\n<p><strong>VII. Herramientas de gesti\u00f3n de las cookies de Google Analytics, identificaci\u00f3n y seguimiento<\/strong><\/p>\n\n<p>Esta p\u00e1gina web utiliza Google Analytics, un servicio anal\u00edtico web prestado por Google, Inc., una compa\u00f1\u00eda de Delaware cuya oficina principal est\u00e1 en 1600 Amphitheatre Parkway, Mountain View (California), CA 94043, Estados Unidos (\u201cGoogle\u201d) ).<\/p>\n\n<p>Google Analytics es una herramienta gratuita de an\u00e1lisis web de Google que principalmente permite que los propietarios de sitios web conozcan c\u00f3mo interact\u00faan los usuarios con su sitio web. Asimismo, habilita cookies en el dominio del sitio en el que te encuentras y utiliza un conjunto de cookies denominadas \u201c__utma\u201d y \u201c__utmz\u201d para recopilar informaci\u00f3n de <strong>forma an\u00f3nima<\/strong> y elaborar informes de tendencias de sitios web <strong>sin identificar a usuarios individuales<\/strong> .<\/p>\n\n<p>La informaci\u00f3n que genera la Cookie sobre su uso del website (incluyendo su direcci\u00f3n IP) ser\u00e1 directamente transmitida y archivada por Google en los servidores de Estados Unidos. Google utilizar\u00e1 esta informaci\u00f3n por nuestra cuenta con el prop\u00f3sito de seguir la pista de su uso del website, recopilando informes de la actividad del website y prestando otros servicios relacionados con la actividad del website y el uso de Internet. Google podr\u00e1 transmitir esta informaci\u00f3n a terceros cuando as\u00ed se lo requiera la legislaci\u00f3n, o cuando tales terceros procesen la informaci\u00f3n por cuenta de Google. Google no asociar\u00e1 su direcci\u00f3n IP con ning\u00fan otro dato del que disponga Google.<\/p>\n\n<p>Puede rechazar el tratamiento de los datos o la informaci\u00f3n rechazando el uso de Cookies mediante la selecci\u00f3n de la configuraci\u00f3n apropiada de su navegador, sin embargo, debe saber que si lo hace puede que no pueda usar la plena funcionabilidad de este website. Al utilizar este website, consiente el tratamiento de informaci\u00f3n sobre Usted por Google en la forma y para las finalidades arriba indicadas. [<a href=\"http:\/\/www.google.com\/intl\/es\/policies\/privacy\/\">http:\/\/www.google.com\/intl\/es\/policies\/privacy\/<\/a> ]<\/p>\n\n<p><strong>GOOGLE reCAPTCHA<\/strong><\/p>\n\n<p>Tambi\u00e9n utilizamos &#8220;Google reCAPTCHA&#8221; (en adelante, &#8220;reCAPTCHA&#8221;) en nuestro sitio web. Se trata de un servicio proporcionado por Google Inc., 1600 Amphitheater Parkway, Mountain View, CA 94043, EE. UU. ( &#8220;Google&#8221;). reCAPTCHA se utiliza para comprobar si los datos introducidos en nuestro sitio web (por ejemplo, en un formulario de contacto) han sido introducidos por una persona o programa automatizado. A tal fin, reCAPTCHA analiza el comportamiento del visitante del sitio web en funci\u00f3n de diversas caracter\u00edsticas. Este an\u00e1lisis se inicia autom\u00e1ticamente cuando el visitante del sitio web accede a \u00e9l. Para el an\u00e1lisis, reCAPTCHA eval\u00faa informaci\u00f3n diversa (por ejemplo, la direcci\u00f3n IP, el tiempo que el visitante ha estado en el sitio web o los movimientos del rat\u00f3n realizados por el usuario). Los datos recopilados durante el an\u00e1lisis se enviar\u00e1n a Google. Los an\u00e1lisis de reCAPTCHA se realizan completamente en segundo plano. No se informa a los visitantes de la p\u00e1gina web de que se est\u00e1 llevando a cabo un an\u00e1lisis de este tipo. El tratamiento de los datos se basa en el art\u00edculo 6.1) f) del RGPD. El operador del sitio web tiene un inter\u00e9s leg\u00edtimo en proteger su sitio contra el spam y el rastreo automatizado abusivo. Para m\u00e1s informaci\u00f3n sobre Google reCAPTCHA y la pol\u00edtica de privacidad de Google, utilice los siguientes v\u00ednculos: <a href=\"https:\/\/www.google.com\/intl\/es\/policies\/privacy\/\">https:\/\/www.google.com\/intl\/es\/policies\/privacy\/<\/a> y <a href=\"https:\/\/www.google.com\/recaptcha%20\/intro\/android.html\">https:\/\/www.google.com\/recaptcha \/intro\/android.html<\/a> .  <\/p>\n\n<p><strong>WEB BEACON<\/strong><\/p>\n\n<p>En algunos correos electr\u00f3nicos la <strong>AVP<\/strong> podr\u00e1 utilizar una tecnolog\u00eda com\u00fan en internet llamada \u201cweb beacon\u201d, la cual son peque\u00f1as im\u00e1genes invisibles para los usuarios que est\u00e1n incluidas en los emails. Esta tecnolog\u00eda nos permite saber si un correo electr\u00f3nico se ha le\u00eddo o no, en qu\u00e9 fecha, la direcci\u00f3n IP desde la que se ha consultado, etc. Con esta informaci\u00f3n, realizaremos estudios estad\u00edsticos y anal\u00edticos sobre el env\u00edo y recepci\u00f3n de los correos electr\u00f3nicos para mejorar la oferta de los servicios a los que el usuario est\u00e1 suscrito y ofrecerle informaci\u00f3n que pueda ser de su inter\u00e9s.<\/p>\n\n<p><strong>VIII. Pol\u00edtica de Privacidad<\/strong><\/p>\n\n<p>Esta Pol\u00edtica de Cookies se complementa con la <a href=\"https:\/\/www.visitpedraforca.com\/politica-de-privacitat\/\"><strong>Pol\u00edtica de Privacidad<\/strong><\/a> , a la que podr\u00e1 acceder para conocer la informaci\u00f3n necesaria adicional sobre protecci\u00f3n de datos personales.<\/p>\n\n<p><\/p>\n\n<p><\/p>\n\n<p><\/p>\n","protected":false},"excerpt":{"rendered":"<p>\u00daltima Actualizaci\u00f3n: 1 de Julio de 2021 La Asociaci\u00f3n para la Promoci\u00f3n y Dinamizaci\u00f3n Tur\u00edstica de los Valles del Pedraforca (en adelante, AVP ) est\u00e1 especialmente sensibilizada en la protecci\u00f3n de datos de car\u00e1cter personal de los usuarios de los servicios del sitio web. Mediante la presente Pol\u00edtica de Cookies, la AVP informa a los [&hellip;]<\/p>\n","protected":false},"author":1,"featured_media":0,"parent":0,"menu_order":0,"comment_status":"closed","ping_status":"closed","template":"","meta":{"footnotes":""},"class_list":["post-6583","page","type-page","status-publish","hentry"],"acf":[],"yoast_head":"<!-- This site is optimized with the Yoast SEO plugin v21.6 - https:\/\/yoast.com\/wordpress\/plugins\/seo\/ -->\n<title>Pol\u00edtica de cookies - Visit Pedraforca<\/title>\n<meta name=\"robots\" content=\"noindex, follow, max-snippet:-1, max-image-preview:large, max-video-preview:-1\" \/>\n<meta property=\"og:locale\" content=\"es_ES\" \/>\n<meta property=\"og:type\" content=\"article\" \/>\n<meta property=\"og:title\" content=\"Pol\u00edtica de cookies - Visit Pedraforca\" \/>\n<meta property=\"og:description\" content=\"\u00daltima Actualizaci\u00f3n: 1 de Julio de 2021 La Asociaci\u00f3n para la Promoci\u00f3n y Dinamizaci\u00f3n Tur\u00edstica de los Valles del Pedraforca (en adelante, AVP ) est\u00e1 especialmente sensibilizada en la protecci\u00f3n de datos de car\u00e1cter personal de los usuarios de los servicios del sitio web. Mediante la presente Pol\u00edtica de Cookies, la AVP informa a los [&hellip;]\" \/>\n<meta property=\"og:url\" content=\"https:\/\/visitpedraforca.6tems.es\/es\/politica-de-cookies\/\" \/>\n<meta property=\"og:site_name\" content=\"Visit Pedraforca\" \/>\n<meta property=\"article:modified_time\" content=\"2023-11-29T08:23:15+00:00\" \/>\n<meta name=\"twitter:card\" content=\"summary_large_image\" \/>\n<meta name=\"twitter:label1\" content=\"Tiempo de lectura\" \/>\n\t<meta name=\"twitter:data1\" content=\"13 minutos\" \/>\n<script type=\"application\/ld+json\" class=\"yoast-schema-graph\">{\"@context\":\"https:\/\/schema.org\",\"@graph\":[{\"@type\":\"WebPage\",\"@id\":\"https:\/\/visitpedraforca.6tems.es\/es\/politica-de-cookies\/\",\"url\":\"https:\/\/visitpedraforca.6tems.es\/es\/politica-de-cookies\/\",\"name\":\"Pol\u00edtica de cookies - Visit Pedraforca\",\"isPartOf\":{\"@id\":\"https:\/\/visitpedraforca.6tems.es\/#website\"},\"datePublished\":\"2023-11-27T14:52:44+00:00\",\"dateModified\":\"2023-11-29T08:23:15+00:00\",\"breadcrumb\":{\"@id\":\"https:\/\/visitpedraforca.6tems.es\/es\/politica-de-cookies\/#breadcrumb\"},\"inLanguage\":\"es\",\"potentialAction\":[{\"@type\":\"ReadAction\",\"target\":[\"https:\/\/visitpedraforca.6tems.es\/es\/politica-de-cookies\/\"]}]},{\"@type\":\"BreadcrumbList\",\"@id\":\"https:\/\/visitpedraforca.6tems.es\/es\/politica-de-cookies\/#breadcrumb\",\"itemListElement\":[{\"@type\":\"ListItem\",\"position\":1,\"name\":\"Inici\",\"item\":\"https:\/\/visitpedraforca.6tems.es\/es\/\"},{\"@type\":\"ListItem\",\"position\":2,\"name\":\"Pol\u00edtica de cookies\"}]},{\"@type\":\"WebSite\",\"@id\":\"https:\/\/visitpedraforca.6tems.es\/#website\",\"url\":\"https:\/\/visitpedraforca.6tems.es\/\",\"name\":\"Visit Pedraforca\",\"description\":\"\",\"potentialAction\":[{\"@type\":\"SearchAction\",\"target\":{\"@type\":\"EntryPoint\",\"urlTemplate\":\"https:\/\/visitpedraforca.6tems.es\/?s={search_term_string}\"},\"query-input\":\"required name=search_term_string\"}],\"inLanguage\":\"es\"}]}<\/script>\n<!-- \/ Yoast SEO plugin. -->","yoast_head_json":{"title":"Pol\u00edtica de cookies - Visit Pedraforca","robots":{"index":"noindex","follow":"follow","max-snippet":"max-snippet:-1","max-image-preview":"max-image-preview:large","max-video-preview":"max-video-preview:-1"},"og_locale":"es_ES","og_type":"article","og_title":"Pol\u00edtica de cookies - Visit Pedraforca","og_description":"\u00daltima Actualizaci\u00f3n: 1 de Julio de 2021 La Asociaci\u00f3n para la Promoci\u00f3n y Dinamizaci\u00f3n Tur\u00edstica de los Valles del Pedraforca (en adelante, AVP ) est\u00e1 especialmente sensibilizada en la protecci\u00f3n de datos de car\u00e1cter personal de los usuarios de los servicios del sitio web. Mediante la presente Pol\u00edtica de Cookies, la AVP informa a los [&hellip;]","og_url":"https:\/\/visitpedraforca.6tems.es\/es\/politica-de-cookies\/","og_site_name":"Visit Pedraforca","article_modified_time":"2023-11-29T08:23:15+00:00","twitter_card":"summary_large_image","twitter_misc":{"Tiempo de lectura":"13 minutos"},"schema":{"@context":"https:\/\/schema.org","@graph":[{"@type":"WebPage","@id":"https:\/\/visitpedraforca.6tems.es\/es\/politica-de-cookies\/","url":"https:\/\/visitpedraforca.6tems.es\/es\/politica-de-cookies\/","name":"Pol\u00edtica de cookies - Visit Pedraforca","isPartOf":{"@id":"https:\/\/visitpedraforca.6tems.es\/#website"},"datePublished":"2023-11-27T14:52:44+00:00","dateModified":"2023-11-29T08:23:15+00:00","breadcrumb":{"@id":"https:\/\/visitpedraforca.6tems.es\/es\/politica-de-cookies\/#breadcrumb"},"inLanguage":"es","potentialAction":[{"@type":"ReadAction","target":["https:\/\/visitpedraforca.6tems.es\/es\/politica-de-cookies\/"]}]},{"@type":"BreadcrumbList","@id":"https:\/\/visitpedraforca.6tems.es\/es\/politica-de-cookies\/#breadcrumb","itemListElement":[{"@type":"ListItem","position":1,"name":"Inici","item":"https:\/\/visitpedraforca.6tems.es\/es\/"},{"@type":"ListItem","position":2,"name":"Pol\u00edtica de cookies"}]},{"@type":"WebSite","@id":"https:\/\/visitpedraforca.6tems.es\/#website","url":"https:\/\/visitpedraforca.6tems.es\/","name":"Visit Pedraforca","description":"","potentialAction":[{"@type":"SearchAction","target":{"@type":"EntryPoint","urlTemplate":"https:\/\/visitpedraforca.6tems.es\/?s={search_term_string}"},"query-input":"required name=search_term_string"}],"inLanguage":"es"}]}},"_links":{"self":[{"href":"https:\/\/visitpedraforca.6tems.es\/es\/wp-json\/wp\/v2\/pages\/6583","targetHints":{"allow":["GET"]}}],"collection":[{"href":"https:\/\/visitpedraforca.6tems.es\/es\/wp-json\/wp\/v2\/pages"}],"about":[{"href":"https:\/\/visitpedraforca.6tems.es\/es\/wp-json\/wp\/v2\/types\/page"}],"author":[{"embeddable":true,"href":"https:\/\/visitpedraforca.6tems.es\/es\/wp-json\/wp\/v2\/users\/1"}],"replies":[{"embeddable":true,"href":"https:\/\/visitpedraforca.6tems.es\/es\/wp-json\/wp\/v2\/comments?post=6583"}],"version-history":[{"count":7,"href":"https:\/\/visitpedraforca.6tems.es\/es\/wp-json\/wp\/v2\/pages\/6583\/revisions"}],"predecessor-version":[{"id":6732,"href":"https:\/\/visitpedraforca.6tems.es\/es\/wp-json\/wp\/v2\/pages\/6583\/revisions\/6732"}],"wp:attachment":[{"href":"https:\/\/visitpedraforca.6tems.es\/es\/wp-json\/wp\/v2\/media?parent=6583"}],"curies":[{"name":"wp","href":"https:\/\/api.w.org\/{rel}","templated":true}]}}