














{"id":5690,"date":"2023-10-27T12:38:16","date_gmt":"2023-10-27T10:38:16","guid":{"rendered":"https:\/\/visitpedraforca.6tems.es\/informacion\/webcams-de-los-valles-del-pedraforca\/"},"modified":"2023-11-24T14:53:13","modified_gmt":"2023-11-24T12:53:13","slug":"webcams-de-los-valles-del-pedraforca","status":"publish","type":"page","link":"https:\/\/visitpedraforca.6tems.es\/es\/informacion\/webcams-de-los-valles-del-pedraforca\/","title":{"rendered":"Webcams de los Valles del Pedraforca"},"content":{"rendered":"\n\n\n\n<!-- block: visor-principal -->\n\n            \r\n\r\n<!-- inner banner starts -->\r\n<section class=\"inner-banner\">\r\n            <img decoding=\"async\" src=\"https:\/\/visitpedraforca.6tems.es\/wp-content\/uploads\/2023\/11\/Webcams-scaled.jpg\" alt=\"\">\r\n        <div class=\"row\">\r\n        <div class=\"inr-ban-cnt\">\r\n                            <h1>Webcams de los Valles del Pedraforca<\/h1>\r\n                    <\/div>\r\n    <\/div>\r\n<\/section>\r\n<!-- inner banner ends -->\r\n\r\n<!-- breadcrum starts -->\r\n        <section class=\"breadcrum bg-pale\">\r\n        <div class=\"row\">\r\n            <ul>\r\n                                    <li><a href=\"https:\/\/visitpedraforca.6tems.es\/es\/\">Inicio<\/a><\/li>\r\n                                    <li><a href=\"https:\/\/visitpedraforca.6tems.es\/es\/informacion\/\">Informaci\u00f3n<\/a><\/li>\r\n                                    <li><a href=\"https:\/\/visitpedraforca.6tems.es\/es\/informacion\/webcams-de-los-valles-del-pedraforca\/\">Webcams de los Valles del Pedraforca<\/a><\/li>\r\n                            <\/ul>\r\n        <\/div>\r\n    <\/section>\r\n<!-- breadcrum ends -->\r\n\r\n\r\n\r\n<!-- description starts -->\r\n    <section class=\"alot fullwidth\">\r\n        <div class=\"row\">\r\n            <div class=\"alot-pad\">\r\n                                                    <div class=\"alot-rgt\">\r\n                        <p>Consulta todas las <strong>webcams<\/strong> disponibles en Valls del Pedraforca. En la <strong>temporada invernal<\/strong> te pueden hacer servicio para saber c\u00f3mo est\u00e1 de nieve algunas de las cimas m\u00e1s destacadas. Si sabes alguna m\u00e1s haznoslo saber por favor!<\/p>\n                    <\/div>\r\n                            <\/div>\r\n        <\/div>\r\n    <\/section>\r\n<!-- description ends -->        \n<!-- end block: visor-principal -->\n\n\n\n\r\n\r\n\r\n\r\n\r\n\r\n<!-- fixta allotjament starts --> \r\n    <section class=\"exper-sec block_c5a4b9c59e1f58d08060484ed020cb47 post_typewebcam\" data-id=\"block_c5a4b9c59e1f58d08060484ed020cb47\">         \r\n        <div class=\"row\">\r\n            <div class=\"filter-title\">\r\n                                            <\/div>\r\n        <\/div>\r\n\r\n              \r\n        <div class=\"row\">\r\n            <div class=\"exp-grid\">\r\n                <!-- <div class=\"row\"> -->\r\n                <div class=\"exp-grid-list active\">\r\n                    <div class=\"exp-list\">\r\n                        <ul class=\"\"><\/ul>\r\n                    <\/div>\r\n                    <div class=\"list-loader\">\r\n                        <span class=\"loader\"><\/span>\r\n                    <\/div>\r\n                    <div class=\"pagination p1 view-more\">\r\n                        <ul>\r\n                            <li data-page=\"prev\"><a href=\"javascript:void(0);\"><img decoding=\"async\" src=\"https:\/\/visitpedraforca.6tems.es\/wp-content\/themes\/visitpedraforca\/resources\/v2\/images\/arrow-left.svg\" alt=\"\"><\/a><\/li>\r\n                                                            <li data-page=\"1\"><a class=\"is-active\" href=\"javascript:void(0);\">1<\/a><\/li>\r\n                                                        <li data-page=\"next\"><a href=\"javascript:void(0);\"><img decoding=\"async\" src=\"https:\/\/visitpedraforca.6tems.es\/wp-content\/themes\/visitpedraforca\/resources\/v2\/images\/arrow-right.svg\" alt=\"\"><\/a><\/li>\r\n                        <\/ul>\r\n                        <p>\r\n                            <span class=\"start-item\"><\/span> &#8211; <span class=\"end-item\"><\/span> de <span class=\"total-items\"><\/span> \r\n                                                            Webcams                                                    <\/p>\r\n                    <\/div>\r\n                <\/div>\r\n                <!-- <\/div> -->\r\n\r\n                <div class=\"venure-mapa\">\r\n                    <div class=\"map-inner\">\r\n                        \r\n\r\n\r\n\r\n\r\n\r\n<div class=\"acf-map\" style=\"height: 802px; position: relative; overflow: hidden;\">\r\n    <\/div>                    <\/div>\r\n                <\/div>\r\n            <\/div>\r\n        <\/div>\r\n    <\/section>\r\n<!-- fixta allotjament ends -->\r\n                      \n","protected":false},"excerpt":{"rendered":"","protected":false},"author":1,"featured_media":4743,"parent":5608,"menu_order":0,"comment_status":"closed","ping_status":"closed","template":"","meta":{"footnotes":""},"class_list":["post-5690","page","type-page","status-publish","has-post-thumbnail","hentry"],"acf":[],"yoast_head":"<!-- This site is optimized with the Yoast SEO plugin v21.6 - https:\/\/yoast.com\/wordpress\/plugins\/seo\/ -->\n<title>Webcams de los Valles del Pedraforca - Visit Pedraforca<\/title>\n<meta name=\"robots\" content=\"noindex, follow, max-snippet:-1, max-image-preview:large, max-video-preview:-1\" \/>\n<meta property=\"og:locale\" content=\"es_ES\" \/>\n<meta property=\"og:type\" content=\"article\" \/>\n<meta property=\"og:title\" content=\"Webcams de los Valles del Pedraforca - Visit Pedraforca\" \/>\n<meta property=\"og:url\" content=\"https:\/\/visitpedraforca.6tems.es\/es\/informacion\/webcams-de-los-valles-del-pedraforca\/\" \/>\n<meta property=\"og:site_name\" content=\"Visit Pedraforca\" \/>\n<meta property=\"article:modified_time\" content=\"2023-11-24T12:53:13+00:00\" \/>\n<meta property=\"og:image\" content=\"https:\/\/visitpedraforca.6tems.es\/wp-content\/uploads\/2023\/11\/Webcams-scaled.jpg\" \/>\n\t<meta property=\"og:image:width\" content=\"2560\" \/>\n\t<meta property=\"og:image:height\" content=\"1710\" \/>\n\t<meta property=\"og:image:type\" content=\"image\/jpeg\" \/>\n<meta name=\"twitter:card\" content=\"summary_large_image\" \/>\n<script type=\"application\/ld+json\" class=\"yoast-schema-graph\">{\"@context\":\"https:\/\/schema.org\",\"@graph\":[{\"@type\":\"WebPage\",\"@id\":\"https:\/\/visitpedraforca.6tems.es\/es\/informacion\/webcams-de-los-valles-del-pedraforca\/\",\"url\":\"https:\/\/visitpedraforca.6tems.es\/es\/informacion\/webcams-de-los-valles-del-pedraforca\/\",\"name\":\"Webcams de los Valles del Pedraforca - Visit Pedraforca\",\"isPartOf\":{\"@id\":\"https:\/\/visitpedraforca.6tems.es\/#website\"},\"datePublished\":\"2023-10-27T10:38:16+00:00\",\"dateModified\":\"2023-11-24T12:53:13+00:00\",\"breadcrumb\":{\"@id\":\"https:\/\/visitpedraforca.6tems.es\/es\/informacion\/webcams-de-los-valles-del-pedraforca\/#breadcrumb\"},\"inLanguage\":\"es\",\"potentialAction\":[{\"@type\":\"ReadAction\",\"target\":[\"https:\/\/visitpedraforca.6tems.es\/es\/informacion\/webcams-de-los-valles-del-pedraforca\/\"]}]},{\"@type\":\"BreadcrumbList\",\"@id\":\"https:\/\/visitpedraforca.6tems.es\/es\/informacion\/webcams-de-los-valles-del-pedraforca\/#breadcrumb\",\"itemListElement\":[{\"@type\":\"ListItem\",\"position\":1,\"name\":\"Inici\",\"item\":\"https:\/\/visitpedraforca.6tems.es\/es\/\"},{\"@type\":\"ListItem\",\"position\":2,\"name\":\"Informaci\u00f3n\",\"item\":\"https:\/\/visitpedraforca.6tems.es\/es\/informacion\/\"},{\"@type\":\"ListItem\",\"position\":3,\"name\":\"Webcams de los Valles del Pedraforca\"}]},{\"@type\":\"WebSite\",\"@id\":\"https:\/\/visitpedraforca.6tems.es\/#website\",\"url\":\"https:\/\/visitpedraforca.6tems.es\/\",\"name\":\"Visit Pedraforca\",\"description\":\"\",\"potentialAction\":[{\"@type\":\"SearchAction\",\"target\":{\"@type\":\"EntryPoint\",\"urlTemplate\":\"https:\/\/visitpedraforca.6tems.es\/?s={search_term_string}\"},\"query-input\":\"required name=search_term_string\"}],\"inLanguage\":\"es\"}]}<\/script>\n<!-- \/ Yoast SEO plugin. -->","yoast_head_json":{"title":"Webcams de los Valles del Pedraforca - Visit Pedraforca","robots":{"index":"noindex","follow":"follow","max-snippet":"max-snippet:-1","max-image-preview":"max-image-preview:large","max-video-preview":"max-video-preview:-1"},"og_locale":"es_ES","og_type":"article","og_title":"Webcams de los Valles del Pedraforca - Visit Pedraforca","og_url":"https:\/\/visitpedraforca.6tems.es\/es\/informacion\/webcams-de-los-valles-del-pedraforca\/","og_site_name":"Visit Pedraforca","article_modified_time":"2023-11-24T12:53:13+00:00","og_image":[{"width":2560,"height":1710,"url":"https:\/\/visitpedraforca.6tems.es\/wp-content\/uploads\/2023\/11\/Webcams-scaled.jpg","type":"image\/jpeg"}],"twitter_card":"summary_large_image","schema":{"@context":"https:\/\/schema.org","@graph":[{"@type":"WebPage","@id":"https:\/\/visitpedraforca.6tems.es\/es\/informacion\/webcams-de-los-valles-del-pedraforca\/","url":"https:\/\/visitpedraforca.6tems.es\/es\/informacion\/webcams-de-los-valles-del-pedraforca\/","name":"Webcams de los Valles del Pedraforca - Visit Pedraforca","isPartOf":{"@id":"https:\/\/visitpedraforca.6tems.es\/#website"},"datePublished":"2023-10-27T10:38:16+00:00","dateModified":"2023-11-24T12:53:13+00:00","breadcrumb":{"@id":"https:\/\/visitpedraforca.6tems.es\/es\/informacion\/webcams-de-los-valles-del-pedraforca\/#breadcrumb"},"inLanguage":"es","potentialAction":[{"@type":"ReadAction","target":["https:\/\/visitpedraforca.6tems.es\/es\/informacion\/webcams-de-los-valles-del-pedraforca\/"]}]},{"@type":"BreadcrumbList","@id":"https:\/\/visitpedraforca.6tems.es\/es\/informacion\/webcams-de-los-valles-del-pedraforca\/#breadcrumb","itemListElement":[{"@type":"ListItem","position":1,"name":"Inici","item":"https:\/\/visitpedraforca.6tems.es\/es\/"},{"@type":"ListItem","position":2,"name":"Informaci\u00f3n","item":"https:\/\/visitpedraforca.6tems.es\/es\/informacion\/"},{"@type":"ListItem","position":3,"name":"Webcams de los Valles del Pedraforca"}]},{"@type":"WebSite","@id":"https:\/\/visitpedraforca.6tems.es\/#website","url":"https:\/\/visitpedraforca.6tems.es\/","name":"Visit Pedraforca","description":"","potentialAction":[{"@type":"SearchAction","target":{"@type":"EntryPoint","urlTemplate":"https:\/\/visitpedraforca.6tems.es\/?s={search_term_string}"},"query-input":"required name=search_term_string"}],"inLanguage":"es"}]}},"_links":{"self":[{"href":"https:\/\/visitpedraforca.6tems.es\/es\/wp-json\/wp\/v2\/pages\/5690","targetHints":{"allow":["GET"]}}],"collection":[{"href":"https:\/\/visitpedraforca.6tems.es\/es\/wp-json\/wp\/v2\/pages"}],"about":[{"href":"https:\/\/visitpedraforca.6tems.es\/es\/wp-json\/wp\/v2\/types\/page"}],"author":[{"embeddable":true,"href":"https:\/\/visitpedraforca.6tems.es\/es\/wp-json\/wp\/v2\/users\/1"}],"replies":[{"embeddable":true,"href":"https:\/\/visitpedraforca.6tems.es\/es\/wp-json\/wp\/v2\/comments?post=5690"}],"version-history":[{"count":2,"href":"https:\/\/visitpedraforca.6tems.es\/es\/wp-json\/wp\/v2\/pages\/5690\/revisions"}],"predecessor-version":[{"id":6438,"href":"https:\/\/visitpedraforca.6tems.es\/es\/wp-json\/wp\/v2\/pages\/5690\/revisions\/6438"}],"up":[{"embeddable":true,"href":"https:\/\/visitpedraforca.6tems.es\/es\/wp-json\/wp\/v2\/pages\/5608"}],"wp:featuredmedia":[{"embeddable":true,"href":"https:\/\/visitpedraforca.6tems.es\/es\/wp-json\/wp\/v2\/media\/4743"}],"wp:attachment":[{"href":"https:\/\/visitpedraforca.6tems.es\/es\/wp-json\/wp\/v2\/media?parent=5690"}],"curies":[{"name":"wp","href":"https:\/\/api.w.org\/{rel}","templated":true}]}}