














{"id":5666,"date":"2023-10-27T12:10:39","date_gmt":"2023-10-27T10:10:39","guid":{"rendered":"https:\/\/visitpedraforca.6tems.es\/informacion\/como-llegar\/"},"modified":"2023-11-29T14:48:59","modified_gmt":"2023-11-29T12:48:59","slug":"como-llegar","status":"publish","type":"page","link":"https:\/\/visitpedraforca.6tems.es\/es\/informacion\/como-llegar\/","title":{"rendered":"C\u00f3mo llegar"},"content":{"rendered":"\n\n\n\n<!-- block: visor-principal -->\n\n            \r\n\r\n<!-- inner banner starts -->\r\n<section class=\"inner-banner\">\r\n            <img decoding=\"async\" src=\"https:\/\/visitpedraforca.6tems.es\/wp-content\/uploads\/2023\/11\/Com-arribar-scaled.jpg\" alt=\"\">\r\n        <div class=\"row\">\r\n        <div class=\"inr-ban-cnt\">\r\n                            <h1>C\u00f3mo llegar<\/h1>\r\n                    <\/div>\r\n    <\/div>\r\n<\/section>\r\n<!-- inner banner ends -->\r\n\r\n<!-- breadcrum starts -->\r\n        <section class=\"breadcrum bg-pale\">\r\n        <div class=\"row\">\r\n            <ul>\r\n                                    <li><a href=\"https:\/\/visitpedraforca.6tems.es\/es\/\">Inicio<\/a><\/li>\r\n                                    <li><a href=\"https:\/\/visitpedraforca.6tems.es\/es\/informacion\/\">Informaci\u00f3n<\/a><\/li>\r\n                                    <li><a href=\"https:\/\/visitpedraforca.6tems.es\/es\/informacion\/como-llegar\/\">C\u00f3mo llegar<\/a><\/li>\r\n                            <\/ul>\r\n        <\/div>\r\n    <\/section>\r\n<!-- breadcrum ends -->\r\n\r\n\r\n\r\n<!-- description starts -->\r\n    <section class=\"alot fullwidth\">\r\n        <div class=\"row\">\r\n            <div class=\"alot-pad\">\r\n                                                    <div class=\"alot-rgt\">\r\n                        <p>Para llegar a los Valles del Pedraforca desde Barcelona, \u200b\u200bGerona u otros puntos cercanos, puedes utilizar una <strong>combinaci\u00f3n de transportes p\u00fablicos y veh\u00edculos privados<\/strong> . Una vez all\u00ed, para desplazarte por los diversos pueblos que conforman los valles, tienes la opci\u00f3n de realizar <strong>senderismo<\/strong> o utilizar el <strong>servicio de autob\u00fas<\/strong> .<\/p>\n                    <\/div>\r\n                            <\/div>\r\n        <\/div>\r\n    <\/section>\r\n<!-- description ends -->        \n<!-- end block: visor-principal -->\n\n\n\n\r\n\r\n\r\n\r\n\r\n\r\n<!-- fixta allotjament starts --> \r\n    <section class=\"exper-sec block_d58825acbaf486adc9d78c15507780ec post_typeempresa-de-transport\" data-id=\"block_d58825acbaf486adc9d78c15507780ec\">         \r\n        <div class=\"row\">\r\n            <div class=\"filter-title\">\r\n                                                            <h2>Empreses de transport<\/h2>\r\n                                                                <\/div>\r\n        <\/div>\r\n\r\n              \r\n        <div class=\"row\">\r\n            <div class=\"exp-grid\">\r\n                <!-- <div class=\"row\"> -->\r\n                <div class=\"exp-grid-list active\">\r\n                    <div class=\"exp-list\">\r\n                        <ul class=\"\"><\/ul>\r\n                    <\/div>\r\n                    <div class=\"list-loader\">\r\n                        <span class=\"loader\"><\/span>\r\n                    <\/div>\r\n                    <div class=\"pagination p1 view-more\">\r\n                        <ul>\r\n                            <li data-page=\"prev\"><a href=\"javascript:void(0);\"><img decoding=\"async\" src=\"https:\/\/visitpedraforca.6tems.es\/wp-content\/themes\/visitpedraforca\/resources\/v2\/images\/arrow-left.svg\" alt=\"\"><\/a><\/li>\r\n                                                            <li data-page=\"1\"><a class=\"is-active\" href=\"javascript:void(0);\">1<\/a><\/li>\r\n                                                        <li data-page=\"next\"><a href=\"javascript:void(0);\"><img decoding=\"async\" src=\"https:\/\/visitpedraforca.6tems.es\/wp-content\/themes\/visitpedraforca\/resources\/v2\/images\/arrow-right.svg\" alt=\"\"><\/a><\/li>\r\n                        <\/ul>\r\n                        <p>\r\n                            <span class=\"start-item\"><\/span> &#8211; <span class=\"end-item\"><\/span> de <span class=\"total-items\"><\/span> \r\n                                                            Empreses de transport                                                    <\/p>\r\n                    <\/div>\r\n                <\/div>\r\n                <!-- <\/div> -->\r\n\r\n                <div class=\"venure-mapa\">\r\n                    <div class=\"map-inner\">\r\n                        \r\n\r\n\r\n\r\n\r\n\r\n<div class=\"acf-map\" style=\"height: 802px; position: relative; overflow: hidden;\">\r\n    <\/div>                    <\/div>\r\n                <\/div>\r\n            <\/div>\r\n        <\/div>\r\n    <\/section>\r\n<!-- fixta allotjament ends -->\r\n                      \n\n<h2 class=\"wp-block-heading\">Coche  <\/h2>\n\n<p>Desde Barcelona toma la autopista C-16 en direcci\u00f3n norte hacia Puigcerd\u00e0. Sigue las indicaciones hacia Berga y, despu\u00e9s, contin\u00faa hacia G\u00f3sol. \u00c9ste es un buen punto de partida para rutas de senderismo en los Valles del Pedraforca.<\/p>\n\n<h2 class=\"wp-block-heading\">Transporte p\u00fablico<\/h2>\n\n<p>Puedes tomar un tren desde Barcelona hasta Berga. Desde Berga, tendr\u00e1s que tomar un <a href=\"https:\/\/www.busbud.com\/es\/autobus-berga-gosol\/r\/sp3rd0-sp90mc\">autob\u00fas<\/a> hacia G\u00f3sol. Una vez en G\u00f3sol, podr\u00e1s empezar la caminata o tomar otra <a href=\"https:\/\/www.visitpedraforca.com\/es\/transport-public-a-la-demanda\/\">l\u00ednea de autobuses<\/a> que te lleve hasta los Valles del Pedraforca.<\/p>\n\n<h2 class=\"wp-block-heading\">Autob\u00fas directo<\/h2>\n\n<p>Algunas compa\u00f1\u00edas de autobuses ofrecen servicios directos desde Barcelona u otras ciudades hasta G\u00f3sol.<\/p>\n\n<h2 class=\"wp-block-heading\"><\/h2>\n","protected":false},"excerpt":{"rendered":"<p>Coche Desde Barcelona toma la autopista C-16 en direcci\u00f3n norte hacia Puigcerd\u00e0. Sigue las indicaciones hacia Berga y, despu\u00e9s, contin\u00faa hacia G\u00f3sol. \u00c9ste es un buen punto de partida para rutas de senderismo en los Valles del Pedraforca. Transporte p\u00fablico Puedes tomar un tren desde Barcelona hasta Berga. Desde Berga, tendr\u00e1s que tomar un autob\u00fas [&hellip;]<\/p>\n","protected":false},"author":1,"featured_media":4718,"parent":5608,"menu_order":0,"comment_status":"closed","ping_status":"closed","template":"","meta":{"footnotes":""},"class_list":["post-5666","page","type-page","status-publish","has-post-thumbnail","hentry"],"acf":[],"yoast_head":"<!-- This site is optimized with the Yoast SEO plugin v21.6 - https:\/\/yoast.com\/wordpress\/plugins\/seo\/ -->\n<title>C\u00f3mo llegar - Visit Pedraforca<\/title>\n<meta name=\"robots\" content=\"noindex, follow, max-snippet:-1, max-image-preview:large, max-video-preview:-1\" \/>\n<meta property=\"og:locale\" content=\"es_ES\" \/>\n<meta property=\"og:type\" content=\"article\" \/>\n<meta property=\"og:title\" content=\"C\u00f3mo llegar - Visit Pedraforca\" \/>\n<meta property=\"og:description\" content=\"Coche Desde Barcelona toma la autopista C-16 en direcci\u00f3n norte hacia Puigcerd\u00e0. Sigue las indicaciones hacia Berga y, despu\u00e9s, contin\u00faa hacia G\u00f3sol. \u00c9ste es un buen punto de partida para rutas de senderismo en los Valles del Pedraforca. Transporte p\u00fablico Puedes tomar un tren desde Barcelona hasta Berga. Desde Berga, tendr\u00e1s que tomar un autob\u00fas [&hellip;]\" \/>\n<meta property=\"og:url\" content=\"https:\/\/visitpedraforca.6tems.es\/es\/informacion\/como-llegar\/\" \/>\n<meta property=\"og:site_name\" content=\"Visit Pedraforca\" \/>\n<meta property=\"article:modified_time\" content=\"2023-11-29T12:48:59+00:00\" \/>\n<meta property=\"og:image\" content=\"https:\/\/visitpedraforca.6tems.es\/wp-content\/uploads\/2023\/11\/Com-arribar-scaled.jpg\" \/>\n\t<meta property=\"og:image:width\" content=\"2560\" \/>\n\t<meta property=\"og:image:height\" content=\"1709\" \/>\n\t<meta property=\"og:image:type\" content=\"image\/jpeg\" \/>\n<meta name=\"twitter:card\" content=\"summary_large_image\" \/>\n<meta name=\"twitter:label1\" content=\"Tiempo de lectura\" \/>\n\t<meta name=\"twitter:data1\" content=\"1 minuto\" \/>\n<script type=\"application\/ld+json\" class=\"yoast-schema-graph\">{\"@context\":\"https:\/\/schema.org\",\"@graph\":[{\"@type\":\"WebPage\",\"@id\":\"https:\/\/visitpedraforca.6tems.es\/es\/informacion\/como-llegar\/\",\"url\":\"https:\/\/visitpedraforca.6tems.es\/es\/informacion\/como-llegar\/\",\"name\":\"C\u00f3mo llegar - Visit Pedraforca\",\"isPartOf\":{\"@id\":\"https:\/\/visitpedraforca.6tems.es\/#website\"},\"datePublished\":\"2023-10-27T10:10:39+00:00\",\"dateModified\":\"2023-11-29T12:48:59+00:00\",\"breadcrumb\":{\"@id\":\"https:\/\/visitpedraforca.6tems.es\/es\/informacion\/como-llegar\/#breadcrumb\"},\"inLanguage\":\"es\",\"potentialAction\":[{\"@type\":\"ReadAction\",\"target\":[\"https:\/\/visitpedraforca.6tems.es\/es\/informacion\/como-llegar\/\"]}]},{\"@type\":\"BreadcrumbList\",\"@id\":\"https:\/\/visitpedraforca.6tems.es\/es\/informacion\/como-llegar\/#breadcrumb\",\"itemListElement\":[{\"@type\":\"ListItem\",\"position\":1,\"name\":\"Inici\",\"item\":\"https:\/\/visitpedraforca.6tems.es\/es\/\"},{\"@type\":\"ListItem\",\"position\":2,\"name\":\"Informaci\u00f3n\",\"item\":\"https:\/\/visitpedraforca.6tems.es\/es\/informacion\/\"},{\"@type\":\"ListItem\",\"position\":3,\"name\":\"C\u00f3mo llegar\"}]},{\"@type\":\"WebSite\",\"@id\":\"https:\/\/visitpedraforca.6tems.es\/#website\",\"url\":\"https:\/\/visitpedraforca.6tems.es\/\",\"name\":\"Visit Pedraforca\",\"description\":\"\",\"potentialAction\":[{\"@type\":\"SearchAction\",\"target\":{\"@type\":\"EntryPoint\",\"urlTemplate\":\"https:\/\/visitpedraforca.6tems.es\/?s={search_term_string}\"},\"query-input\":\"required name=search_term_string\"}],\"inLanguage\":\"es\"}]}<\/script>\n<!-- \/ Yoast SEO plugin. -->","yoast_head_json":{"title":"C\u00f3mo llegar - Visit Pedraforca","robots":{"index":"noindex","follow":"follow","max-snippet":"max-snippet:-1","max-image-preview":"max-image-preview:large","max-video-preview":"max-video-preview:-1"},"og_locale":"es_ES","og_type":"article","og_title":"C\u00f3mo llegar - Visit Pedraforca","og_description":"Coche Desde Barcelona toma la autopista C-16 en direcci\u00f3n norte hacia Puigcerd\u00e0. Sigue las indicaciones hacia Berga y, despu\u00e9s, contin\u00faa hacia G\u00f3sol. \u00c9ste es un buen punto de partida para rutas de senderismo en los Valles del Pedraforca. Transporte p\u00fablico Puedes tomar un tren desde Barcelona hasta Berga. Desde Berga, tendr\u00e1s que tomar un autob\u00fas [&hellip;]","og_url":"https:\/\/visitpedraforca.6tems.es\/es\/informacion\/como-llegar\/","og_site_name":"Visit Pedraforca","article_modified_time":"2023-11-29T12:48:59+00:00","og_image":[{"width":2560,"height":1709,"url":"https:\/\/visitpedraforca.6tems.es\/wp-content\/uploads\/2023\/11\/Com-arribar-scaled.jpg","type":"image\/jpeg"}],"twitter_card":"summary_large_image","twitter_misc":{"Tiempo de lectura":"1 minuto"},"schema":{"@context":"https:\/\/schema.org","@graph":[{"@type":"WebPage","@id":"https:\/\/visitpedraforca.6tems.es\/es\/informacion\/como-llegar\/","url":"https:\/\/visitpedraforca.6tems.es\/es\/informacion\/como-llegar\/","name":"C\u00f3mo llegar - Visit Pedraforca","isPartOf":{"@id":"https:\/\/visitpedraforca.6tems.es\/#website"},"datePublished":"2023-10-27T10:10:39+00:00","dateModified":"2023-11-29T12:48:59+00:00","breadcrumb":{"@id":"https:\/\/visitpedraforca.6tems.es\/es\/informacion\/como-llegar\/#breadcrumb"},"inLanguage":"es","potentialAction":[{"@type":"ReadAction","target":["https:\/\/visitpedraforca.6tems.es\/es\/informacion\/como-llegar\/"]}]},{"@type":"BreadcrumbList","@id":"https:\/\/visitpedraforca.6tems.es\/es\/informacion\/como-llegar\/#breadcrumb","itemListElement":[{"@type":"ListItem","position":1,"name":"Inici","item":"https:\/\/visitpedraforca.6tems.es\/es\/"},{"@type":"ListItem","position":2,"name":"Informaci\u00f3n","item":"https:\/\/visitpedraforca.6tems.es\/es\/informacion\/"},{"@type":"ListItem","position":3,"name":"C\u00f3mo llegar"}]},{"@type":"WebSite","@id":"https:\/\/visitpedraforca.6tems.es\/#website","url":"https:\/\/visitpedraforca.6tems.es\/","name":"Visit Pedraforca","description":"","potentialAction":[{"@type":"SearchAction","target":{"@type":"EntryPoint","urlTemplate":"https:\/\/visitpedraforca.6tems.es\/?s={search_term_string}"},"query-input":"required name=search_term_string"}],"inLanguage":"es"}]}},"_links":{"self":[{"href":"https:\/\/visitpedraforca.6tems.es\/es\/wp-json\/wp\/v2\/pages\/5666","targetHints":{"allow":["GET"]}}],"collection":[{"href":"https:\/\/visitpedraforca.6tems.es\/es\/wp-json\/wp\/v2\/pages"}],"about":[{"href":"https:\/\/visitpedraforca.6tems.es\/es\/wp-json\/wp\/v2\/types\/page"}],"author":[{"embeddable":true,"href":"https:\/\/visitpedraforca.6tems.es\/es\/wp-json\/wp\/v2\/users\/1"}],"replies":[{"embeddable":true,"href":"https:\/\/visitpedraforca.6tems.es\/es\/wp-json\/wp\/v2\/comments?post=5666"}],"version-history":[{"count":9,"href":"https:\/\/visitpedraforca.6tems.es\/es\/wp-json\/wp\/v2\/pages\/5666\/revisions"}],"predecessor-version":[{"id":6968,"href":"https:\/\/visitpedraforca.6tems.es\/es\/wp-json\/wp\/v2\/pages\/5666\/revisions\/6968"}],"up":[{"embeddable":true,"href":"https:\/\/visitpedraforca.6tems.es\/es\/wp-json\/wp\/v2\/pages\/5608"}],"wp:featuredmedia":[{"embeddable":true,"href":"https:\/\/visitpedraforca.6tems.es\/es\/wp-json\/wp\/v2\/media\/4718"}],"wp:attachment":[{"href":"https:\/\/visitpedraforca.6tems.es\/es\/wp-json\/wp\/v2\/media?parent=5666"}],"curies":[{"name":"wp","href":"https:\/\/api.w.org\/{rel}","templated":true}]}}