














{"id":5646,"date":"2023-10-27T12:39:12","date_gmt":"2023-10-27T10:39:12","guid":{"rendered":"https:\/\/visitpedraforca.6tems.es\/informacion\/quienes-somos\/"},"modified":"2023-11-24T14:58:24","modified_gmt":"2023-11-24T12:58:24","slug":"quienes-somos","status":"publish","type":"page","link":"https:\/\/visitpedraforca.6tems.es\/es\/informacion\/quienes-somos\/","title":{"rendered":"Qui\u00e9nes somos"},"content":{"rendered":"\n\n\n\n<!-- block: visor-principal -->\n\n            \r\n\r\n<!-- inner banner starts -->\r\n<section class=\"inner-banner\">\r\n            <img decoding=\"async\" src=\"https:\/\/visitpedraforca.6tems.es\/wp-content\/uploads\/2023\/11\/Qui-som-scaled.jpg\" alt=\"\">\r\n        <div class=\"row\">\r\n        <div class=\"inr-ban-cnt\">\r\n                            <h1>Asociaci\u00f3n Valls del Pedraforca<\/h1>\r\n                    <\/div>\r\n    <\/div>\r\n<\/section>\r\n<!-- inner banner ends -->\r\n\r\n<!-- breadcrum starts -->\r\n        <section class=\"breadcrum bg-pale\">\r\n        <div class=\"row\">\r\n            <ul>\r\n                                    <li><a href=\"https:\/\/visitpedraforca.6tems.es\/es\/\">Inicio<\/a><\/li>\r\n                                    <li><a href=\"https:\/\/visitpedraforca.6tems.es\/es\/informacion\/\">Informaci\u00f3n<\/a><\/li>\r\n                                    <li><a href=\"https:\/\/visitpedraforca.6tems.es\/es\/informacion\/quienes-somos\/\">Qui\u00e9nes somos<\/a><\/li>\r\n                            <\/ul>\r\n        <\/div>\r\n    <\/section>\r\n<!-- breadcrum ends -->\r\n\r\n\r\n\r\n<!-- description starts -->\r\n    <section class=\"alot fullwidth\">\r\n        <div class=\"row\">\r\n            <div class=\"alot-pad\">\r\n                                                    <div class=\"alot-rgt\">\r\n                        <p>La asociaci\u00f3n Valls del Pedraforca es una <strong>organizaci\u00f3n privada sin \u00e1nimo de lucro<\/strong> que trabaja por la <strong>cohesi\u00f3n territorial<\/strong> y la <strong>cooperaci\u00f3n<\/strong> entre los diferentes agentes tur\u00edsticos, siempre desde el respeto y la estima hacia el territorio.<\/p>\n                    <\/div>\r\n                            <\/div>\r\n        <\/div>\r\n    <\/section>\r\n<!-- description ends -->        \n<!-- end block: visor-principal -->\n<h2 class=\"wp-block-heading\"><\/h2>\n\n<p>La entidad nace en 2015 de la mano de 15 establecimientos privados fruto de la necesidad de <strong>aunar esfuerzos y tejer complicidades<\/strong> . Este a\u00f1o, la asociaci\u00f3n cuenta con m\u00e1s de 38 socios.<\/p>\n\n<p>La organizaci\u00f3n sin \u00e1nimo de lucro promueve, representa y coordina, de forma participativa, un <strong>modelo de desarrollo tur\u00edstico sostenible arraigado en el territorio<\/strong> , que combina el respeto por el medio ambiente con las necesidades y expectativas de los asociados y en coordinaci\u00f3n con los entes p\u00fablicos.<\/p>\n\n\n<div class=\"fixta-allot-rgt\">\n            <div class=\"fixta-slide\">\n            <div id=\"fixta-slide\" class=\"owl-carousel fixta-slide\">\n                                                            <div class=\"item\"><a href=\"javascript:void(0);\"><img decoding=\"async\" src=\"https:\/\/visitpedraforca.6tems.es\/wp-content\/uploads\/2023\/11\/DJI_0569-1.jpg\"><\/a><\/div>\n                                                                                <div class=\"item\"><a href=\"javascript:void(0);\"><img decoding=\"async\" src=\"https:\/\/visitpedraforca.6tems.es\/wp-content\/uploads\/2023\/10\/shutterstock_2176183419-scaled.jpg\"><\/a><\/div>\n                                                                                <div class=\"item\"><a href=\"javascript:void(0);\"><img decoding=\"async\" src=\"https:\/\/visitpedraforca.6tems.es\/wp-content\/uploads\/2023\/11\/Cortals-de-lIngla-51.jpg\"><\/a><\/div>\n                                                                                <div class=\"item\"><a href=\"javascript:void(0);\"><img decoding=\"async\" src=\"https:\/\/visitpedraforca.6tems.es\/wp-content\/uploads\/2023\/11\/SALDES-GRESOLET-scaled.jpg\"><\/a><\/div>\n                                                <\/div>\n        <\/div>\n    <\/div>\n<h2 class=\"wp-block-heading\"><\/h2>\n","protected":false},"excerpt":{"rendered":"<p>La entidad nace en 2015 de la mano de 15 establecimientos privados fruto de la necesidad de aunar esfuerzos y tejer complicidades . Este a\u00f1o, la asociaci\u00f3n cuenta con m\u00e1s de 38 socios. La organizaci\u00f3n sin \u00e1nimo de lucro promueve, representa y coordina, de forma participativa, un modelo de desarrollo tur\u00edstico sostenible arraigado en el [&hellip;]<\/p>\n","protected":false},"author":1,"featured_media":4759,"parent":5608,"menu_order":0,"comment_status":"closed","ping_status":"closed","template":"","meta":{"footnotes":""},"class_list":["post-5646","page","type-page","status-publish","has-post-thumbnail","hentry"],"acf":[],"yoast_head":"<!-- This site is optimized with the Yoast SEO plugin v21.6 - https:\/\/yoast.com\/wordpress\/plugins\/seo\/ -->\n<title>Qui\u00e9nes somos - Visit Pedraforca<\/title>\n<meta name=\"robots\" content=\"noindex, follow, max-snippet:-1, max-image-preview:large, max-video-preview:-1\" \/>\n<meta property=\"og:locale\" content=\"es_ES\" \/>\n<meta property=\"og:type\" content=\"article\" \/>\n<meta property=\"og:title\" content=\"Qui\u00e9nes somos - Visit Pedraforca\" \/>\n<meta property=\"og:description\" content=\"La entidad nace en 2015 de la mano de 15 establecimientos privados fruto de la necesidad de aunar esfuerzos y tejer complicidades . Este a\u00f1o, la asociaci\u00f3n cuenta con m\u00e1s de 38 socios. La organizaci\u00f3n sin \u00e1nimo de lucro promueve, representa y coordina, de forma participativa, un modelo de desarrollo tur\u00edstico sostenible arraigado en el [&hellip;]\" \/>\n<meta property=\"og:url\" content=\"https:\/\/visitpedraforca.6tems.es\/es\/informacion\/quienes-somos\/\" \/>\n<meta property=\"og:site_name\" content=\"Visit Pedraforca\" \/>\n<meta property=\"article:modified_time\" content=\"2023-11-24T12:58:24+00:00\" \/>\n<meta property=\"og:image\" content=\"https:\/\/visitpedraforca.6tems.es\/wp-content\/uploads\/2023\/11\/Qui-som-scaled.jpg\" \/>\n\t<meta property=\"og:image:width\" content=\"2560\" \/>\n\t<meta property=\"og:image:height\" content=\"1709\" \/>\n\t<meta property=\"og:image:type\" content=\"image\/jpeg\" \/>\n<meta name=\"twitter:card\" content=\"summary_large_image\" \/>\n<script type=\"application\/ld+json\" class=\"yoast-schema-graph\">{\"@context\":\"https:\/\/schema.org\",\"@graph\":[{\"@type\":\"WebPage\",\"@id\":\"https:\/\/visitpedraforca.6tems.es\/es\/informacion\/quienes-somos\/\",\"url\":\"https:\/\/visitpedraforca.6tems.es\/es\/informacion\/quienes-somos\/\",\"name\":\"Qui\u00e9nes somos - Visit Pedraforca\",\"isPartOf\":{\"@id\":\"https:\/\/visitpedraforca.6tems.es\/#website\"},\"datePublished\":\"2023-10-27T10:39:12+00:00\",\"dateModified\":\"2023-11-24T12:58:24+00:00\",\"breadcrumb\":{\"@id\":\"https:\/\/visitpedraforca.6tems.es\/es\/informacion\/quienes-somos\/#breadcrumb\"},\"inLanguage\":\"es\",\"potentialAction\":[{\"@type\":\"ReadAction\",\"target\":[\"https:\/\/visitpedraforca.6tems.es\/es\/informacion\/quienes-somos\/\"]}]},{\"@type\":\"BreadcrumbList\",\"@id\":\"https:\/\/visitpedraforca.6tems.es\/es\/informacion\/quienes-somos\/#breadcrumb\",\"itemListElement\":[{\"@type\":\"ListItem\",\"position\":1,\"name\":\"Inici\",\"item\":\"https:\/\/visitpedraforca.6tems.es\/es\/\"},{\"@type\":\"ListItem\",\"position\":2,\"name\":\"Informaci\u00f3n\",\"item\":\"https:\/\/visitpedraforca.6tems.es\/es\/informacion\/\"},{\"@type\":\"ListItem\",\"position\":3,\"name\":\"Qui\u00e9nes somos\"}]},{\"@type\":\"WebSite\",\"@id\":\"https:\/\/visitpedraforca.6tems.es\/#website\",\"url\":\"https:\/\/visitpedraforca.6tems.es\/\",\"name\":\"Visit Pedraforca\",\"description\":\"\",\"potentialAction\":[{\"@type\":\"SearchAction\",\"target\":{\"@type\":\"EntryPoint\",\"urlTemplate\":\"https:\/\/visitpedraforca.6tems.es\/?s={search_term_string}\"},\"query-input\":\"required name=search_term_string\"}],\"inLanguage\":\"es\"}]}<\/script>\n<!-- \/ Yoast SEO plugin. -->","yoast_head_json":{"title":"Qui\u00e9nes somos - Visit Pedraforca","robots":{"index":"noindex","follow":"follow","max-snippet":"max-snippet:-1","max-image-preview":"max-image-preview:large","max-video-preview":"max-video-preview:-1"},"og_locale":"es_ES","og_type":"article","og_title":"Qui\u00e9nes somos - Visit Pedraforca","og_description":"La entidad nace en 2015 de la mano de 15 establecimientos privados fruto de la necesidad de aunar esfuerzos y tejer complicidades . Este a\u00f1o, la asociaci\u00f3n cuenta con m\u00e1s de 38 socios. La organizaci\u00f3n sin \u00e1nimo de lucro promueve, representa y coordina, de forma participativa, un modelo de desarrollo tur\u00edstico sostenible arraigado en el [&hellip;]","og_url":"https:\/\/visitpedraforca.6tems.es\/es\/informacion\/quienes-somos\/","og_site_name":"Visit Pedraforca","article_modified_time":"2023-11-24T12:58:24+00:00","og_image":[{"width":2560,"height":1709,"url":"https:\/\/visitpedraforca.6tems.es\/wp-content\/uploads\/2023\/11\/Qui-som-scaled.jpg","type":"image\/jpeg"}],"twitter_card":"summary_large_image","schema":{"@context":"https:\/\/schema.org","@graph":[{"@type":"WebPage","@id":"https:\/\/visitpedraforca.6tems.es\/es\/informacion\/quienes-somos\/","url":"https:\/\/visitpedraforca.6tems.es\/es\/informacion\/quienes-somos\/","name":"Qui\u00e9nes somos - Visit Pedraforca","isPartOf":{"@id":"https:\/\/visitpedraforca.6tems.es\/#website"},"datePublished":"2023-10-27T10:39:12+00:00","dateModified":"2023-11-24T12:58:24+00:00","breadcrumb":{"@id":"https:\/\/visitpedraforca.6tems.es\/es\/informacion\/quienes-somos\/#breadcrumb"},"inLanguage":"es","potentialAction":[{"@type":"ReadAction","target":["https:\/\/visitpedraforca.6tems.es\/es\/informacion\/quienes-somos\/"]}]},{"@type":"BreadcrumbList","@id":"https:\/\/visitpedraforca.6tems.es\/es\/informacion\/quienes-somos\/#breadcrumb","itemListElement":[{"@type":"ListItem","position":1,"name":"Inici","item":"https:\/\/visitpedraforca.6tems.es\/es\/"},{"@type":"ListItem","position":2,"name":"Informaci\u00f3n","item":"https:\/\/visitpedraforca.6tems.es\/es\/informacion\/"},{"@type":"ListItem","position":3,"name":"Qui\u00e9nes somos"}]},{"@type":"WebSite","@id":"https:\/\/visitpedraforca.6tems.es\/#website","url":"https:\/\/visitpedraforca.6tems.es\/","name":"Visit Pedraforca","description":"","potentialAction":[{"@type":"SearchAction","target":{"@type":"EntryPoint","urlTemplate":"https:\/\/visitpedraforca.6tems.es\/?s={search_term_string}"},"query-input":"required name=search_term_string"}],"inLanguage":"es"}]}},"_links":{"self":[{"href":"https:\/\/visitpedraforca.6tems.es\/es\/wp-json\/wp\/v2\/pages\/5646","targetHints":{"allow":["GET"]}}],"collection":[{"href":"https:\/\/visitpedraforca.6tems.es\/es\/wp-json\/wp\/v2\/pages"}],"about":[{"href":"https:\/\/visitpedraforca.6tems.es\/es\/wp-json\/wp\/v2\/types\/page"}],"author":[{"embeddable":true,"href":"https:\/\/visitpedraforca.6tems.es\/es\/wp-json\/wp\/v2\/users\/1"}],"replies":[{"embeddable":true,"href":"https:\/\/visitpedraforca.6tems.es\/es\/wp-json\/wp\/v2\/comments?post=5646"}],"version-history":[{"count":2,"href":"https:\/\/visitpedraforca.6tems.es\/es\/wp-json\/wp\/v2\/pages\/5646\/revisions"}],"predecessor-version":[{"id":6450,"href":"https:\/\/visitpedraforca.6tems.es\/es\/wp-json\/wp\/v2\/pages\/5646\/revisions\/6450"}],"up":[{"embeddable":true,"href":"https:\/\/visitpedraforca.6tems.es\/es\/wp-json\/wp\/v2\/pages\/5608"}],"wp:featuredmedia":[{"embeddable":true,"href":"https:\/\/visitpedraforca.6tems.es\/es\/wp-json\/wp\/v2\/media\/4759"}],"wp:attachment":[{"href":"https:\/\/visitpedraforca.6tems.es\/es\/wp-json\/wp\/v2\/media?parent=5646"}],"curies":[{"name":"wp","href":"https:\/\/api.w.org\/{rel}","templated":true}]}}