














{"id":5639,"date":"2023-10-27T12:08:31","date_gmt":"2023-10-27T10:08:31","guid":{"rendered":"https:\/\/visitpedraforca.6tems.es\/informacion\/situacion\/"},"modified":"2023-11-29T11:54:31","modified_gmt":"2023-11-29T09:54:31","slug":"situacion","status":"publish","type":"page","link":"https:\/\/visitpedraforca.6tems.es\/es\/informacion\/situacion\/","title":{"rendered":"Situaci\u00f3n"},"content":{"rendered":"\n\n\n\n<!-- block: visor-principal -->\n\n            \r\n\r\n<!-- inner banner starts -->\r\n<section class=\"inner-banner\">\r\n            <img decoding=\"async\" src=\"https:\/\/visitpedraforca.6tems.es\/wp-content\/uploads\/2023\/11\/Situacio-scaled.jpg\" alt=\"\">\r\n        <div class=\"row\">\r\n        <div class=\"inr-ban-cnt\">\r\n                            <h1>Situaci\u00f3n<\/h1>\r\n                    <\/div>\r\n    <\/div>\r\n<\/section>\r\n<!-- inner banner ends -->\r\n\r\n<!-- breadcrum starts -->\r\n        <section class=\"breadcrum bg-pale\">\r\n        <div class=\"row\">\r\n            <ul>\r\n                                    <li><a href=\"https:\/\/visitpedraforca.6tems.es\/es\/\">Inicio<\/a><\/li>\r\n                                    <li><a href=\"https:\/\/visitpedraforca.6tems.es\/es\/informacion\/\">Informaci\u00f3n<\/a><\/li>\r\n                                    <li><a href=\"https:\/\/visitpedraforca.6tems.es\/es\/informacion\/situacion\/\">Situaci\u00f3n<\/a><\/li>\r\n                            <\/ul>\r\n        <\/div>\r\n    <\/section>\r\n<!-- breadcrum ends -->\r\n\r\n\r\n\r\n<!-- description starts -->\r\n    <section class=\"alot fullwidth\">\r\n        <div class=\"row\">\r\n            <div class=\"alot-pad\">\r\n                                                    <div class=\"alot-rgt\">\r\n                        <p>Situados en la comarca del <strong>Bergued\u00e0<\/strong> , en Catalu\u00f1a, estos valles ofrecen un refugio id\u00edlico a los pies del majestuoso <strong>Pedraforca<\/strong> . Con una ubicaci\u00f3n estrat\u00e9gica en el <strong>Pirineo catal\u00e1n<\/strong> , este \u00e1rea es de f\u00e1cil acceso desde Barcelona y otras grandes ciudades de Catalu\u00f1a.<\/p>\n                    <\/div>\r\n                            <\/div>\r\n        <\/div>\r\n    <\/section>\r\n<!-- description ends -->        \n<!-- end block: visor-principal -->\n\n\n    \n    \n            <section class=\"el-mapa\">\n            <div class=\"row\">\n                                    <h2>El mapa de los Valles del Pedraforca<\/h2>\n                                                    <p>Explora la riqueza y diversidad de los pueblos que conforman los Valles del Pedraforca. Desde el coraz\u00f3n de los Pirineos, este conjunto de valles nos invita a descubrir una serie de pueblos con encanto, cada uno de ellos con su propia historia y car\u00e1cter \u00fanico.<\/p>\n                                <div class=\"mapa-list\">\n                    <div class=\"map-div\">\n                        <ul id=\"mapa\">\n                                                            <li>\n                                    <a href=\"https:\/\/visitpedraforca.6tems.es\/es\/poble\/gisclareny\/\">\n                                                                                    <img decoding=\"async\" src=\"https:\/\/visitpedraforca.6tems.es\/wp-content\/uploads\/2023\/10\/gisclareny-1024x683.jpg\" alt=\"\">\n                                                                                <h3>Gisclareny<\/h3>\n                                    <\/a>\n                                <\/li>\n                                                            <li>\n                                    <a href=\"https:\/\/visitpedraforca.6tems.es\/es\/poble\/gosol\/\">\n                                                                                    <img decoding=\"async\" src=\"https:\/\/visitpedraforca.6tems.es\/wp-content\/uploads\/2023\/10\/shutterstock_1879640311-1024x640.jpg\" alt=\"\">\n                                                                                <h3>G\u00f3sol<\/h3>\n                                    <\/a>\n                                <\/li>\n                                                            <li>\n                                    <a href=\"https:\/\/visitpedraforca.6tems.es\/es\/poble\/saldes\/\">\n                                                                                    <img decoding=\"async\" src=\"https:\/\/visitpedraforca.6tems.es\/wp-content\/uploads\/2023\/10\/SALDES-2-2-1024x683.jpg\" alt=\"\">\n                                                                                <h3>Saldes<\/h3>\n                                    <\/a>\n                                <\/li>\n                                                            <li>\n                                    <a href=\"https:\/\/visitpedraforca.6tems.es\/es\/poble\/vallcebre\/\">\n                                                                                    <img decoding=\"async\" src=\"https:\/\/visitpedraforca.6tems.es\/wp-content\/uploads\/2023\/10\/vallcebre_11-1024x683.jpg\" alt=\"\">\n                                                                                <h3>Vallcebre<\/h3>\n                                    <\/a>\n                                <\/li>\n                                                            <li>\n                                    <a href=\"https:\/\/visitpedraforca.6tems.es\/es\/poble\/el-espa\/\">\n                                                                                    <img decoding=\"async\" src=\"https:\/\/visitpedraforca.6tems.es\/wp-content\/uploads\/2023\/10\/thumb-1024x576.png\" alt=\"\">\n                                                                                <h3>El Espa<\/h3>\n                                    <\/a>\n                                <\/li>\n                                                            <li>\n                                    <a href=\"https:\/\/visitpedraforca.6tems.es\/es\/poble\/tujiente\/\">\n                                                                                    <img decoding=\"async\" src=\"https:\/\/visitpedraforca.6tems.es\/wp-content\/uploads\/2023\/11\/TUIXENT-1-1024x683.jpg\" alt=\"\">\n                                                                                <h3>Tujiente<\/h3>\n                                    <\/a>\n                                <\/li>\n                                                            <li>\n                                    <a href=\"https:\/\/visitpedraforca.6tems.es\/es\/poble\/sorribes-de-la-vansa\/\">\n                                                                                    <img decoding=\"async\" src=\"https:\/\/visitpedraforca.6tems.es\/wp-content\/uploads\/2023\/11\/DJI_0908-1024x768.jpg\" alt=\"\">\n                                                                                <h3>Sorribes de la Vansa<\/h3>\n                                    <\/a>\n                                <\/li>\n                                                            <li>\n                                    <a href=\"https:\/\/visitpedraforca.6tems.es\/es\/poble\/osera\/\">\n                                                                                    <img decoding=\"async\" src=\"https:\/\/visitpedraforca.6tems.es\/wp-content\/uploads\/2023\/11\/DJI_0001-Pano-3-1024x779.jpg\" alt=\"\">\n                                                                                <h3>Ossera<\/h3>\n                                    <\/a>\n                                <\/li>\n                                                            <li>\n                                    <a href=\"https:\/\/visitpedraforca.6tems.es\/es\/poble\/mazaneros\/\">\n                                                                                    <img decoding=\"async\" src=\"https:\/\/visitpedraforca.6tems.es\/wp-content\/uploads\/2023\/11\/DJI_0451-1024x768.jpg\" alt=\"\">\n                                                                                <h3>Ma\u00e7aners<\/h3>\n                                    <\/a>\n                                <\/li>\n                                                            <li>\n                                    <a href=\"https:\/\/visitpedraforca.6tems.es\/es\/poble\/josa\/\">\n                                                                                    <img decoding=\"async\" src=\"https:\/\/visitpedraforca.6tems.es\/wp-content\/uploads\/2023\/11\/DJI_0001-Pano-2-1024x784.jpg\" alt=\"\">\n                                                                                <h3>Josa<\/h3>\n                                    <\/a>\n                                <\/li>\n                                                    <\/ul>\n                    <\/div>\n                    <div class=\"mapa-img\">\n                        <div class=\"el-mapa-cnt\">\n                            <div class=\"el-map-div\">\n                                <img decoding=\"async\" src=\"https:\/\/visitpedraforca.6tems.es\/wp-content\/themes\/visitpedraforca\/resources\/v2\/images\/home-mapa.jpg\" alt=\"\">\n                            <\/div>\n                            <div id=\"content-tab\">\n                                                                    <div class=\"map-nam one\"><a href=\"https:\/\/visitpedraforca.6tems.es\/es\/poble\/gisclareny\/\"><p>Gisclareny<\/p> <span><\/span><\/a><\/div>\n                                                                    <div class=\"map-nam two\"><a href=\"https:\/\/visitpedraforca.6tems.es\/es\/poble\/gosol\/\"><p>G\u00f3sol<\/p> <span><\/span><\/a><\/div>\n                                                                    <div class=\"map-nam three\"><a href=\"https:\/\/visitpedraforca.6tems.es\/es\/poble\/saldes\/\"><p>Saldes<\/p> <span><\/span><\/a><\/div>\n                                                                    <div class=\"map-nam four\"><a href=\"https:\/\/visitpedraforca.6tems.es\/es\/poble\/vallcebre\/\"><p>Vallcebre<\/p> <span><\/span><\/a><\/div>\n                                                                    <div class=\"map-nam five\"><a href=\"https:\/\/visitpedraforca.6tems.es\/es\/poble\/el-espa\/\"><p>El Espa<\/p> <span><\/span><\/a><\/div>\n                                                                    <div class=\"map-nam six\"><a href=\"https:\/\/visitpedraforca.6tems.es\/es\/poble\/tujiente\/\"><p>Tujiente<\/p> <span><\/span><\/a><\/div>\n                                                                    <div class=\"map-nam seven\"><a href=\"https:\/\/visitpedraforca.6tems.es\/es\/poble\/sorribes-de-la-vansa\/\"><p>Sorribes de la Vansa<\/p> <span><\/span><\/a><\/div>\n                                                                    <div class=\"map-nam eight\"><a href=\"https:\/\/visitpedraforca.6tems.es\/es\/poble\/osera\/\"><p>Ossera<\/p> <span><\/span><\/a><\/div>\n                                                                    <div class=\"map-nam nine\"><a href=\"https:\/\/visitpedraforca.6tems.es\/es\/poble\/mazaneros\/\"><p>Ma\u00e7aners<\/p> <span><\/span><\/a><\/div>\n                                                                    <div class=\"map-nam ten\"><a href=\"https:\/\/visitpedraforca.6tems.es\/es\/poble\/josa\/\"><p>Josa<\/p> <span><\/span><\/a><\/div>\n                                                            <\/div>\n                        <\/div>\n                                            <\/div>\n                <\/div>   \n            <\/div>\n        <\/section>\n    \n\n\n\n\r\n\r\n\r\n\r\n\r\n\r\n<!-- fixta allotjament starts --> \r\n    <section class=\"exper-sec block_363eb82e6620ba1d7c51f6fce033fc51 post_typepoble\" data-id=\"block_363eb82e6620ba1d7c51f6fce033fc51\">         \r\n        <div class=\"row\">\r\n            <div class=\"filter-title\">\r\n                                                            <h2>Pobles<\/h2>\r\n                                                                <\/div>\r\n        <\/div>\r\n\r\n              \r\n        <div class=\"row\">\r\n            <div class=\"exp-grid\">\r\n                <!-- <div class=\"row\"> -->\r\n                <div class=\"exp-grid-list active\">\r\n                    <div class=\"exp-list\">\r\n                        <ul class=\"\"><\/ul>\r\n                    <\/div>\r\n                    <div class=\"list-loader\">\r\n                        <span class=\"loader\"><\/span>\r\n                    <\/div>\r\n                    <div class=\"pagination p1 view-more\">\r\n                        <ul>\r\n                            <li data-page=\"prev\"><a href=\"javascript:void(0);\"><img decoding=\"async\" src=\"https:\/\/visitpedraforca.6tems.es\/wp-content\/themes\/visitpedraforca\/resources\/v2\/images\/arrow-left.svg\" alt=\"\"><\/a><\/li>\r\n                                                            <li data-page=\"1\"><a class=\"is-active\" href=\"javascript:void(0);\">1<\/a><\/li>\r\n                                                            <li data-page=\"2\"><a class=\"\" href=\"javascript:void(0);\">2<\/a><\/li>\r\n                                                        <li data-page=\"next\"><a href=\"javascript:void(0);\"><img decoding=\"async\" src=\"https:\/\/visitpedraforca.6tems.es\/wp-content\/themes\/visitpedraforca\/resources\/v2\/images\/arrow-right.svg\" alt=\"\"><\/a><\/li>\r\n                        <\/ul>\r\n                        <p>\r\n                            <span class=\"start-item\"><\/span> &#8211; <span class=\"end-item\"><\/span> de <span class=\"total-items\"><\/span> \r\n                                                            Pobles                                                    <\/p>\r\n                    <\/div>\r\n                <\/div>\r\n                <!-- <\/div> -->\r\n\r\n                <div class=\"venure-mapa\">\r\n                    <div class=\"map-inner\">\r\n                        \r\n\r\n\r\n\r\n\r\n\r\n<div class=\"acf-map\" style=\"height: 802px; position: relative; overflow: hidden;\">\r\n    <\/div>                    <\/div>\r\n                <\/div>\r\n            <\/div>\r\n        <\/div>\r\n    <\/section>\r\n<!-- fixta allotjament ends -->\r\n                      \n","protected":false},"excerpt":{"rendered":"","protected":false},"author":1,"featured_media":4711,"parent":5608,"menu_order":0,"comment_status":"closed","ping_status":"closed","template":"","meta":{"footnotes":""},"class_list":["post-5639","page","type-page","status-publish","has-post-thumbnail","hentry"],"acf":[],"yoast_head":"<!-- This site is optimized with the Yoast SEO plugin v21.6 - https:\/\/yoast.com\/wordpress\/plugins\/seo\/ -->\n<title>Situaci\u00f3n - Visit Pedraforca<\/title>\n<meta name=\"robots\" content=\"noindex, follow, max-snippet:-1, max-image-preview:large, max-video-preview:-1\" \/>\n<meta property=\"og:locale\" content=\"es_ES\" \/>\n<meta property=\"og:type\" content=\"article\" \/>\n<meta property=\"og:title\" content=\"Situaci\u00f3n - Visit Pedraforca\" \/>\n<meta property=\"og:url\" content=\"https:\/\/visitpedraforca.6tems.es\/es\/informacion\/situacion\/\" \/>\n<meta property=\"og:site_name\" content=\"Visit Pedraforca\" \/>\n<meta property=\"article:modified_time\" content=\"2023-11-29T09:54:31+00:00\" \/>\n<meta property=\"og:image\" content=\"https:\/\/visitpedraforca.6tems.es\/wp-content\/uploads\/2023\/11\/Situacio-scaled.jpg\" \/>\n\t<meta property=\"og:image:width\" content=\"2560\" \/>\n\t<meta property=\"og:image:height\" content=\"1055\" \/>\n\t<meta property=\"og:image:type\" content=\"image\/jpeg\" \/>\n<meta name=\"twitter:card\" content=\"summary_large_image\" \/>\n<script type=\"application\/ld+json\" class=\"yoast-schema-graph\">{\"@context\":\"https:\/\/schema.org\",\"@graph\":[{\"@type\":\"WebPage\",\"@id\":\"https:\/\/visitpedraforca.6tems.es\/es\/informacion\/situacion\/\",\"url\":\"https:\/\/visitpedraforca.6tems.es\/es\/informacion\/situacion\/\",\"name\":\"Situaci\u00f3n - Visit Pedraforca\",\"isPartOf\":{\"@id\":\"https:\/\/visitpedraforca.6tems.es\/#website\"},\"datePublished\":\"2023-10-27T10:08:31+00:00\",\"dateModified\":\"2023-11-29T09:54:31+00:00\",\"breadcrumb\":{\"@id\":\"https:\/\/visitpedraforca.6tems.es\/es\/informacion\/situacion\/#breadcrumb\"},\"inLanguage\":\"es\",\"potentialAction\":[{\"@type\":\"ReadAction\",\"target\":[\"https:\/\/visitpedraforca.6tems.es\/es\/informacion\/situacion\/\"]}]},{\"@type\":\"BreadcrumbList\",\"@id\":\"https:\/\/visitpedraforca.6tems.es\/es\/informacion\/situacion\/#breadcrumb\",\"itemListElement\":[{\"@type\":\"ListItem\",\"position\":1,\"name\":\"Inici\",\"item\":\"https:\/\/visitpedraforca.6tems.es\/es\/\"},{\"@type\":\"ListItem\",\"position\":2,\"name\":\"Informaci\u00f3n\",\"item\":\"https:\/\/visitpedraforca.6tems.es\/es\/informacion\/\"},{\"@type\":\"ListItem\",\"position\":3,\"name\":\"Situaci\u00f3n\"}]},{\"@type\":\"WebSite\",\"@id\":\"https:\/\/visitpedraforca.6tems.es\/#website\",\"url\":\"https:\/\/visitpedraforca.6tems.es\/\",\"name\":\"Visit Pedraforca\",\"description\":\"\",\"potentialAction\":[{\"@type\":\"SearchAction\",\"target\":{\"@type\":\"EntryPoint\",\"urlTemplate\":\"https:\/\/visitpedraforca.6tems.es\/?s={search_term_string}\"},\"query-input\":\"required name=search_term_string\"}],\"inLanguage\":\"es\"}]}<\/script>\n<!-- \/ Yoast SEO plugin. -->","yoast_head_json":{"title":"Situaci\u00f3n - Visit Pedraforca","robots":{"index":"noindex","follow":"follow","max-snippet":"max-snippet:-1","max-image-preview":"max-image-preview:large","max-video-preview":"max-video-preview:-1"},"og_locale":"es_ES","og_type":"article","og_title":"Situaci\u00f3n - Visit Pedraforca","og_url":"https:\/\/visitpedraforca.6tems.es\/es\/informacion\/situacion\/","og_site_name":"Visit Pedraforca","article_modified_time":"2023-11-29T09:54:31+00:00","og_image":[{"width":2560,"height":1055,"url":"https:\/\/visitpedraforca.6tems.es\/wp-content\/uploads\/2023\/11\/Situacio-scaled.jpg","type":"image\/jpeg"}],"twitter_card":"summary_large_image","schema":{"@context":"https:\/\/schema.org","@graph":[{"@type":"WebPage","@id":"https:\/\/visitpedraforca.6tems.es\/es\/informacion\/situacion\/","url":"https:\/\/visitpedraforca.6tems.es\/es\/informacion\/situacion\/","name":"Situaci\u00f3n - Visit Pedraforca","isPartOf":{"@id":"https:\/\/visitpedraforca.6tems.es\/#website"},"datePublished":"2023-10-27T10:08:31+00:00","dateModified":"2023-11-29T09:54:31+00:00","breadcrumb":{"@id":"https:\/\/visitpedraforca.6tems.es\/es\/informacion\/situacion\/#breadcrumb"},"inLanguage":"es","potentialAction":[{"@type":"ReadAction","target":["https:\/\/visitpedraforca.6tems.es\/es\/informacion\/situacion\/"]}]},{"@type":"BreadcrumbList","@id":"https:\/\/visitpedraforca.6tems.es\/es\/informacion\/situacion\/#breadcrumb","itemListElement":[{"@type":"ListItem","position":1,"name":"Inici","item":"https:\/\/visitpedraforca.6tems.es\/es\/"},{"@type":"ListItem","position":2,"name":"Informaci\u00f3n","item":"https:\/\/visitpedraforca.6tems.es\/es\/informacion\/"},{"@type":"ListItem","position":3,"name":"Situaci\u00f3n"}]},{"@type":"WebSite","@id":"https:\/\/visitpedraforca.6tems.es\/#website","url":"https:\/\/visitpedraforca.6tems.es\/","name":"Visit Pedraforca","description":"","potentialAction":[{"@type":"SearchAction","target":{"@type":"EntryPoint","urlTemplate":"https:\/\/visitpedraforca.6tems.es\/?s={search_term_string}"},"query-input":"required name=search_term_string"}],"inLanguage":"es"}]}},"_links":{"self":[{"href":"https:\/\/visitpedraforca.6tems.es\/es\/wp-json\/wp\/v2\/pages\/5639","targetHints":{"allow":["GET"]}}],"collection":[{"href":"https:\/\/visitpedraforca.6tems.es\/es\/wp-json\/wp\/v2\/pages"}],"about":[{"href":"https:\/\/visitpedraforca.6tems.es\/es\/wp-json\/wp\/v2\/types\/page"}],"author":[{"embeddable":true,"href":"https:\/\/visitpedraforca.6tems.es\/es\/wp-json\/wp\/v2\/users\/1"}],"replies":[{"embeddable":true,"href":"https:\/\/visitpedraforca.6tems.es\/es\/wp-json\/wp\/v2\/comments?post=5639"}],"version-history":[{"count":14,"href":"https:\/\/visitpedraforca.6tems.es\/es\/wp-json\/wp\/v2\/pages\/5639\/revisions"}],"predecessor-version":[{"id":6942,"href":"https:\/\/visitpedraforca.6tems.es\/es\/wp-json\/wp\/v2\/pages\/5639\/revisions\/6942"}],"up":[{"embeddable":true,"href":"https:\/\/visitpedraforca.6tems.es\/es\/wp-json\/wp\/v2\/pages\/5608"}],"wp:featuredmedia":[{"embeddable":true,"href":"https:\/\/visitpedraforca.6tems.es\/es\/wp-json\/wp\/v2\/media\/4711"}],"wp:attachment":[{"href":"https:\/\/visitpedraforca.6tems.es\/es\/wp-json\/wp\/v2\/media?parent=5639"}],"curies":[{"name":"wp","href":"https:\/\/api.w.org\/{rel}","templated":true}]}}