














{"id":5596,"date":"2023-10-27T12:35:14","date_gmt":"2023-10-27T10:35:14","guid":{"rendered":"https:\/\/visitpedraforca.6tems.es\/clima\/"},"modified":"2023-11-24T14:51:15","modified_gmt":"2023-11-24T12:51:15","slug":"clima","status":"publish","type":"page","link":"https:\/\/visitpedraforca.6tems.es\/es\/informacion\/clima\/","title":{"rendered":"Clima"},"content":{"rendered":"\n\n\n\n<!-- block: visor-principal -->\n\n            \r\n\r\n<!-- inner banner starts -->\r\n<section class=\"inner-banner\">\r\n            <img decoding=\"async\" src=\"https:\/\/visitpedraforca.6tems.es\/wp-content\/uploads\/2023\/11\/Clima-scaled.jpg\" alt=\"\">\r\n        <div class=\"row\">\r\n        <div class=\"inr-ban-cnt\">\r\n                            <h1>Clima<\/h1>\r\n                    <\/div>\r\n    <\/div>\r\n<\/section>\r\n<!-- inner banner ends -->\r\n\r\n<!-- breadcrum starts -->\r\n        <section class=\"breadcrum bg-pale\">\r\n        <div class=\"row\">\r\n            <ul>\r\n                                    <li><a href=\"https:\/\/visitpedraforca.6tems.es\/es\/\">Inicio<\/a><\/li>\r\n                                    <li><a href=\"https:\/\/visitpedraforca.6tems.es\/es\/informacion\/\">Informaci\u00f3n<\/a><\/li>\r\n                                    <li><a href=\"https:\/\/visitpedraforca.6tems.es\/es\/informacion\/clima\/\">Clima<\/a><\/li>\r\n                            <\/ul>\r\n        <\/div>\r\n    <\/section>\r\n<!-- breadcrum ends -->\r\n\r\n\r\n\r\n<!-- description starts -->\r\n    <section class=\"alot fullwidth\">\r\n        <div class=\"row\">\r\n            <div class=\"alot-pad\">\r\n                                                    <div class=\"alot-rgt\">\r\n                        <p>Es impescindible consultar la <strong>previsi\u00f3n meteorol\u00f3gica<\/strong> antes de subir al Pedraforca y es que \u00e9ste es muy variable. Vale la pena que dedique un rato al consultar los portales especializados.<\/p>\n                    <\/div>\r\n                            <\/div>\r\n        <\/div>\r\n    <\/section>\r\n<!-- description ends -->        \n<!-- end block: visor-principal -->\n<h2 class=\"wp-block-heading\">Primavera<\/h2>\n\n<p>La primavera en esta zona se caracteriza por un aumento de la temperatura, la floraci\u00f3n de plantas y \u00e1rboles y la aparici\u00f3n de vida animal m\u00e1s activa despu\u00e9s del invierno. Los valles llenos de colores, con flores que florecen y paisajes verdes despu\u00e9s de las lluvias de la primavera.<\/p>\n\n<h2 class=\"wp-block-heading\">Verano<\/h2>\n\n<p>En esta estaci\u00f3n, los habitantes y visitantes disfrutan del aire fresco y la luz luminosa del sol veraniego. Los mercados locales se llenan con productos frescos de la temporada, y las fiestas y celebraciones llenan las calles con alegr\u00eda. El verano en los valles del Pedraforca invita a la comunidad a disfrutar de la naturaleza en todo su esplendor.<\/p>\n\n<h2 class=\"wp-block-heading\">Oto\u00f1o<\/h2>\n\n<p>Los pueblos acogen la transici\u00f3n hacia el invierno con calma y las comunidades locales se preparan para las festividades propias del oto\u00f1o. Los mercados ofrecen productos de la temporada, como casta\u00f1as y frutos secos, mientras los eventos culturales celebran sus tradiciones locales.<\/p>\n\n<h2 class=\"wp-block-heading\">Invierno<\/h2>\n\n<p>Esta estaci\u00f3n ofrece una oportunidad para la pr\u00e1ctica de deportes de invierno. Los valles, cubiertos de nieve, se convierten en el lugar ideal para excursiones en raquetas, permitiendo explorar con calma su entorno.<\/p>\n\n\n<div class=\"fixta-allot-rgt\">\n            <div class=\"fixta-slide\">\n            <div id=\"fixta-slide\" class=\"owl-carousel fixta-slide\">\n                                                            <div class=\"item\"><a href=\"javascript:void(0);\"><img decoding=\"async\" src=\"https:\/\/visitpedraforca.6tems.es\/wp-content\/uploads\/2023\/10\/caseta-out-1024x675-1.jpeg\"><\/a><\/div>\n                                                                                <div class=\"item\"><a href=\"javascript:void(0);\"><img decoding=\"async\" src=\"https:\/\/visitpedraforca.6tems.es\/wp-content\/uploads\/2023\/10\/shutterstock_1963055524.jpg\"><\/a><\/div>\n                                                                                <div class=\"item\"><a href=\"javascript:void(0);\"><img decoding=\"async\" src=\"https:\/\/visitpedraforca.6tems.es\/wp-content\/uploads\/2023\/10\/IMG_5964.jpg\"><\/a><\/div>\n                                                                                <div class=\"item\"><a href=\"javascript:void(0);\"><img decoding=\"async\" src=\"https:\/\/visitpedraforca.6tems.es\/wp-content\/uploads\/2023\/10\/IMG_5943.jpg\"><\/a><\/div>\n                                                                                <div class=\"item\"><a href=\"javascript:void(0);\"><img decoding=\"async\" src=\"https:\/\/visitpedraforca.6tems.es\/wp-content\/uploads\/2023\/10\/IMG_5905-1-1.jpg\"><\/a><\/div>\n                                                <\/div>\n        <\/div>\n    <\/div>\n\n\n\n\r\n\r\n\r\n\r\n\r\n\r\n<!-- fixta allotjament starts --> \r\n    <section class=\"exper-sec block_daa277a314b1297e81e5205f5640e784 post_typeportal-del-temps\" data-id=\"block_daa277a314b1297e81e5205f5640e784\">         \r\n        <div class=\"row\">\r\n            <div class=\"filter-title\">\r\n                                                            <h2>Portals del temps<\/h2>\r\n                                                                <\/div>\r\n        <\/div>\r\n\r\n              \r\n        <div class=\"row\">\r\n            <div class=\"exp-grid\">\r\n                <!-- <div class=\"row\"> -->\r\n                <div class=\"exp-grid-list active\">\r\n                    <div class=\"exp-list\">\r\n                        <ul class=\"\"><\/ul>\r\n                    <\/div>\r\n                    <div class=\"list-loader\">\r\n                        <span class=\"loader\"><\/span>\r\n                    <\/div>\r\n                    <div class=\"pagination p1 view-more\">\r\n                        <ul>\r\n                            <li data-page=\"prev\"><a href=\"javascript:void(0);\"><img decoding=\"async\" src=\"https:\/\/visitpedraforca.6tems.es\/wp-content\/themes\/visitpedraforca\/resources\/v2\/images\/arrow-left.svg\" alt=\"\"><\/a><\/li>\r\n                                                            <li data-page=\"1\"><a class=\"is-active\" href=\"javascript:void(0);\">1<\/a><\/li>\r\n                                                        <li data-page=\"next\"><a href=\"javascript:void(0);\"><img decoding=\"async\" src=\"https:\/\/visitpedraforca.6tems.es\/wp-content\/themes\/visitpedraforca\/resources\/v2\/images\/arrow-right.svg\" alt=\"\"><\/a><\/li>\r\n                        <\/ul>\r\n                        <p>\r\n                            <span class=\"start-item\"><\/span> &#8211; <span class=\"end-item\"><\/span> de <span class=\"total-items\"><\/span> \r\n                                                            Portals del temps                                                    <\/p>\r\n                    <\/div>\r\n                <\/div>\r\n                <!-- <\/div> -->\r\n\r\n                <div class=\"venure-mapa\">\r\n                    <div class=\"map-inner\">\r\n                        \r\n\r\n\r\n\r\n\r\n\r\n<div class=\"acf-map\" style=\"height: 802px; position: relative; overflow: hidden;\">\r\n    <\/div>                    <\/div>\r\n                <\/div>\r\n            <\/div>\r\n        <\/div>\r\n    <\/section>\r\n<!-- fixta allotjament ends -->\r\n                      \n","protected":false},"excerpt":{"rendered":"<p>Primavera La primavera en esta zona se caracteriza por un aumento de la temperatura, la floraci\u00f3n de plantas y \u00e1rboles y la aparici\u00f3n de vida animal m\u00e1s activa despu\u00e9s del invierno. Los valles llenos de colores, con flores que florecen y paisajes verdes despu\u00e9s de las lluvias de la primavera. Verano En esta estaci\u00f3n, los [&hellip;]<\/p>\n","protected":false},"author":1,"featured_media":4724,"parent":5608,"menu_order":0,"comment_status":"closed","ping_status":"closed","template":"","meta":{"footnotes":""},"class_list":["post-5596","page","type-page","status-publish","has-post-thumbnail","hentry"],"acf":[],"yoast_head":"<!-- This site is optimized with the Yoast SEO plugin v21.6 - https:\/\/yoast.com\/wordpress\/plugins\/seo\/ -->\n<title>Clima - Visit Pedraforca<\/title>\n<meta name=\"robots\" content=\"noindex, follow, max-snippet:-1, max-image-preview:large, max-video-preview:-1\" \/>\n<meta property=\"og:locale\" content=\"es_ES\" \/>\n<meta property=\"og:type\" content=\"article\" \/>\n<meta property=\"og:title\" content=\"Clima - Visit Pedraforca\" \/>\n<meta property=\"og:description\" content=\"Primavera La primavera en esta zona se caracteriza por un aumento de la temperatura, la floraci\u00f3n de plantas y \u00e1rboles y la aparici\u00f3n de vida animal m\u00e1s activa despu\u00e9s del invierno. Los valles llenos de colores, con flores que florecen y paisajes verdes despu\u00e9s de las lluvias de la primavera. Verano En esta estaci\u00f3n, los [&hellip;]\" \/>\n<meta property=\"og:url\" content=\"https:\/\/visitpedraforca.6tems.es\/es\/informacion\/clima\/\" \/>\n<meta property=\"og:site_name\" content=\"Visit Pedraforca\" \/>\n<meta property=\"article:modified_time\" content=\"2023-11-24T12:51:15+00:00\" \/>\n<meta property=\"og:image\" content=\"https:\/\/visitpedraforca.6tems.es\/wp-content\/uploads\/2023\/11\/Clima-scaled.jpg\" \/>\n\t<meta property=\"og:image:width\" content=\"2560\" \/>\n\t<meta property=\"og:image:height\" content=\"1707\" \/>\n\t<meta property=\"og:image:type\" content=\"image\/jpeg\" \/>\n<meta name=\"twitter:card\" content=\"summary_large_image\" \/>\n<meta name=\"twitter:label1\" content=\"Tiempo de lectura\" \/>\n\t<meta name=\"twitter:data1\" content=\"1 minuto\" \/>\n<script type=\"application\/ld+json\" class=\"yoast-schema-graph\">{\"@context\":\"https:\/\/schema.org\",\"@graph\":[{\"@type\":\"WebPage\",\"@id\":\"https:\/\/visitpedraforca.6tems.es\/es\/informacion\/clima\/\",\"url\":\"https:\/\/visitpedraforca.6tems.es\/es\/informacion\/clima\/\",\"name\":\"Clima - Visit Pedraforca\",\"isPartOf\":{\"@id\":\"https:\/\/visitpedraforca.6tems.es\/#website\"},\"datePublished\":\"2023-10-27T10:35:14+00:00\",\"dateModified\":\"2023-11-24T12:51:15+00:00\",\"breadcrumb\":{\"@id\":\"https:\/\/visitpedraforca.6tems.es\/es\/informacion\/clima\/#breadcrumb\"},\"inLanguage\":\"es\",\"potentialAction\":[{\"@type\":\"ReadAction\",\"target\":[\"https:\/\/visitpedraforca.6tems.es\/es\/informacion\/clima\/\"]}]},{\"@type\":\"BreadcrumbList\",\"@id\":\"https:\/\/visitpedraforca.6tems.es\/es\/informacion\/clima\/#breadcrumb\",\"itemListElement\":[{\"@type\":\"ListItem\",\"position\":1,\"name\":\"Inici\",\"item\":\"https:\/\/visitpedraforca.6tems.es\/es\/\"},{\"@type\":\"ListItem\",\"position\":2,\"name\":\"Informaci\u00f3n\",\"item\":\"https:\/\/visitpedraforca.6tems.es\/es\/informacion\/\"},{\"@type\":\"ListItem\",\"position\":3,\"name\":\"Clima\"}]},{\"@type\":\"WebSite\",\"@id\":\"https:\/\/visitpedraforca.6tems.es\/#website\",\"url\":\"https:\/\/visitpedraforca.6tems.es\/\",\"name\":\"Visit Pedraforca\",\"description\":\"\",\"potentialAction\":[{\"@type\":\"SearchAction\",\"target\":{\"@type\":\"EntryPoint\",\"urlTemplate\":\"https:\/\/visitpedraforca.6tems.es\/?s={search_term_string}\"},\"query-input\":\"required name=search_term_string\"}],\"inLanguage\":\"es\"}]}<\/script>\n<!-- \/ Yoast SEO plugin. -->","yoast_head_json":{"title":"Clima - Visit Pedraforca","robots":{"index":"noindex","follow":"follow","max-snippet":"max-snippet:-1","max-image-preview":"max-image-preview:large","max-video-preview":"max-video-preview:-1"},"og_locale":"es_ES","og_type":"article","og_title":"Clima - Visit Pedraforca","og_description":"Primavera La primavera en esta zona se caracteriza por un aumento de la temperatura, la floraci\u00f3n de plantas y \u00e1rboles y la aparici\u00f3n de vida animal m\u00e1s activa despu\u00e9s del invierno. Los valles llenos de colores, con flores que florecen y paisajes verdes despu\u00e9s de las lluvias de la primavera. Verano En esta estaci\u00f3n, los [&hellip;]","og_url":"https:\/\/visitpedraforca.6tems.es\/es\/informacion\/clima\/","og_site_name":"Visit Pedraforca","article_modified_time":"2023-11-24T12:51:15+00:00","og_image":[{"width":2560,"height":1707,"url":"https:\/\/visitpedraforca.6tems.es\/wp-content\/uploads\/2023\/11\/Clima-scaled.jpg","type":"image\/jpeg"}],"twitter_card":"summary_large_image","twitter_misc":{"Tiempo de lectura":"1 minuto"},"schema":{"@context":"https:\/\/schema.org","@graph":[{"@type":"WebPage","@id":"https:\/\/visitpedraforca.6tems.es\/es\/informacion\/clima\/","url":"https:\/\/visitpedraforca.6tems.es\/es\/informacion\/clima\/","name":"Clima - Visit Pedraforca","isPartOf":{"@id":"https:\/\/visitpedraforca.6tems.es\/#website"},"datePublished":"2023-10-27T10:35:14+00:00","dateModified":"2023-11-24T12:51:15+00:00","breadcrumb":{"@id":"https:\/\/visitpedraforca.6tems.es\/es\/informacion\/clima\/#breadcrumb"},"inLanguage":"es","potentialAction":[{"@type":"ReadAction","target":["https:\/\/visitpedraforca.6tems.es\/es\/informacion\/clima\/"]}]},{"@type":"BreadcrumbList","@id":"https:\/\/visitpedraforca.6tems.es\/es\/informacion\/clima\/#breadcrumb","itemListElement":[{"@type":"ListItem","position":1,"name":"Inici","item":"https:\/\/visitpedraforca.6tems.es\/es\/"},{"@type":"ListItem","position":2,"name":"Informaci\u00f3n","item":"https:\/\/visitpedraforca.6tems.es\/es\/informacion\/"},{"@type":"ListItem","position":3,"name":"Clima"}]},{"@type":"WebSite","@id":"https:\/\/visitpedraforca.6tems.es\/#website","url":"https:\/\/visitpedraforca.6tems.es\/","name":"Visit Pedraforca","description":"","potentialAction":[{"@type":"SearchAction","target":{"@type":"EntryPoint","urlTemplate":"https:\/\/visitpedraforca.6tems.es\/?s={search_term_string}"},"query-input":"required name=search_term_string"}],"inLanguage":"es"}]}},"_links":{"self":[{"href":"https:\/\/visitpedraforca.6tems.es\/es\/wp-json\/wp\/v2\/pages\/5596","targetHints":{"allow":["GET"]}}],"collection":[{"href":"https:\/\/visitpedraforca.6tems.es\/es\/wp-json\/wp\/v2\/pages"}],"about":[{"href":"https:\/\/visitpedraforca.6tems.es\/es\/wp-json\/wp\/v2\/types\/page"}],"author":[{"embeddable":true,"href":"https:\/\/visitpedraforca.6tems.es\/es\/wp-json\/wp\/v2\/users\/1"}],"replies":[{"embeddable":true,"href":"https:\/\/visitpedraforca.6tems.es\/es\/wp-json\/wp\/v2\/comments?post=5596"}],"version-history":[{"count":4,"href":"https:\/\/visitpedraforca.6tems.es\/es\/wp-json\/wp\/v2\/pages\/5596\/revisions"}],"predecessor-version":[{"id":6416,"href":"https:\/\/visitpedraforca.6tems.es\/es\/wp-json\/wp\/v2\/pages\/5596\/revisions\/6416"}],"up":[{"embeddable":true,"href":"https:\/\/visitpedraforca.6tems.es\/es\/wp-json\/wp\/v2\/pages\/5608"}],"wp:featuredmedia":[{"embeddable":true,"href":"https:\/\/visitpedraforca.6tems.es\/es\/wp-json\/wp\/v2\/media\/4724"}],"wp:attachment":[{"href":"https:\/\/visitpedraforca.6tems.es\/es\/wp-json\/wp\/v2\/media?parent=5596"}],"curies":[{"name":"wp","href":"https:\/\/api.w.org\/{rel}","templated":true}]}}